{"id":122,"date":"2023-05-06T14:32:35","date_gmt":"2023-05-06T12:32:35","guid":{"rendered":"https:\/\/123jouer.fr\/?page_id=122"},"modified":"2024-10-16T23:37:55","modified_gmt":"2024-10-16T21:37:55","slug":"mentions-legales","status":"publish","type":"page","link":"https:\/\/123jouer.fr\/index.php\/mentions-legales\/","title":{"rendered":"Mentions l\u00e9gales"},"content":{"rendered":"\n<h1 class=\"wp-block-heading\"><\/h1>\n\n\n\n<p><strong>Responsable de publication<\/strong><br>Karine LOZANO<\/p>\n\n\n\n<p><strong>Webmaster<\/strong><br>Karine LOZANO<\/p>\n\n\n\n<p><strong>Siret de l\u2019entreprise<\/strong><br>790 169 049 000 18<\/p>\n\n\n\n<p><strong>Cr\u00e9ation du site<\/strong><br>Karine LOZANO<\/p>\n\n\n\n<p><strong>H\u00e9bergeur<\/strong><br>SAS OVH, 2 rue Kellermann, 59100 ROUBAIX, France<\/p>\n\n\n\n<p><strong>Si\u00e8ge social<\/strong><br>14 chemin de la rencontre 37510 \u2013 Ballan-Mir\u00e9<\/p>\n\n\n\n<p><strong>Date de cr\u00e9ation<\/strong><br>2023<\/p>\n","protected":false},"excerpt":{"rendered":"<p>Responsable de publicationKarine LOZANO WebmasterKarine LOZANO Siret de l\u2019entreprise790 169 049 000 18 Cr\u00e9ation du siteKarine LOZANO H\u00e9bergeurSAS OVH, 2 rue Kellermann, 59100 ROUBAIX, France Si\u00e8ge social14 chemin de la rencontre 37510 \u2013 Ballan-Mir\u00e9 Date de cr\u00e9ation2023<\/p>\n","protected":false},"author":1,"featured_media":0,"parent":0,"menu_order":0,"comment_status":"closed","ping_status":"closed","template":"","meta":{"footnotes":""},"class_list":["post-122","page","type-page","status-publish","hentry"],"aioseo_notices":[],"_links":{"self":[{"href":"https:\/\/123jouer.fr\/index.php\/wp-json\/wp\/v2\/pages\/122","targetHints":{"allow":["GET"]}}],"collection":[{"href":"https:\/\/123jouer.fr\/index.php\/wp-json\/wp\/v2\/pages"}],"about":[{"href":"https:\/\/123jouer.fr\/index.php\/wp-json\/wp\/v2\/types\/page"}],"author":[{"embeddable":true,"href":"https:\/\/123jouer.fr\/index.php\/wp-json\/wp\/v2\/users\/1"}],"replies":[{"embeddable":true,"href":"https:\/\/123jouer.fr\/index.php\/wp-json\/wp\/v2\/comments?post=122"}],"version-history":[{"count":0,"href":"https:\/\/123jouer.fr\/index.php\/wp-json\/wp\/v2\/pages\/122\/revisions"}],"wp:attachment":[{"href":"https:\/\/123jouer.fr\/index.php\/wp-json\/wp\/v2\/media?parent=122"}],"curies":[{"name":"wp","href":"https:\/\/api.w.org\/{rel}","templated":true}]}}