{"id":124,"date":"2023-05-06T14:34:45","date_gmt":"2023-05-06T12:34:45","guid":{"rendered":"https:\/\/123jouer.fr\/?page_id=124"},"modified":"2025-01-15T08:53:50","modified_gmt":"2025-01-15T07:53:50","slug":"confidentialite","status":"publish","type":"page","link":"https:\/\/123jouer.fr\/index.php\/confidentialite\/","title":{"rendered":"Confidentialit\u00e9 des donn\u00e9es"},"content":{"rendered":"\n<p><\/p>\n\n\n\n<blockquote class=\"wp-block-quote is-layout-flow wp-block-quote-is-layout-flow\">\n<p>Vot\u00e9 en d\u00e9cembre 2015, le&nbsp;<a rel=\"noreferrer noopener\" href=\"https:\/\/www.cnil.fr\/fr\/conformite-rgpd-information-des-personnes-et-transparence\" target=\"_blank\">RGPD<\/a>&nbsp;(R\u00e8glement G\u00e9n\u00e9ral sur la Protection des Donn\u00e9es) s\u2019applique d\u00e8s le 25 mai 2018 \u00e0 tous les acteurs qui collectent de quelle mani\u00e8re que ce soit des donn\u00e9es personnelles, aupr\u00e8s de clients ou de prospects : entreprises, associations, administrations, collectivit\u00e9s locales et syndicats.<\/p>\n<\/blockquote>\n\n\n\n<p><strong>Quelles sont les principales obligations pour les entreprises ?<\/strong><\/p>\n\n\n\n<blockquote class=\"wp-block-quote is-layout-flow wp-block-quote-is-layout-flow\">\n<p>La gestion des donn\u00e9es personnelles doit se faire avec l\u2019approbation de la personne.<\/p>\n\n\n\n<p>La collecte des donn\u00e9es doit se faire en fonction des besoins r\u00e9els de l\u2019entreprise : limitation des finalit\u00e9s. Les donn\u00e9es collect\u00e9es et leur utilisation doivent r\u00e9pondre \u00e0 un objectif pr\u00e9cis et clair.<\/p>\n\n\n\n<p>Les personnes doivent pouvoir contr\u00f4ler leurs donn\u00e9es : droit de rectification et droit \u00e0 l\u2019oubli.<\/p>\n\n\n\n<p>Des proc\u00e9dures de suppression des donn\u00e9es anciennes et de s\u00e9curit\u00e9 doivent \u00eatre mises en place pour limiter la conservation et pr\u00e9server l\u2019int\u00e9grit\u00e9 et la confidentialit\u00e9.<\/p>\n<\/blockquote>\n\n\n\n<p><strong>L\u2019adresse de notre site est : https:\/\/123jouer.fr<\/strong><\/p>\n\n\n\n<p><\/p>\n\n\n\n<blockquote class=\"wp-block-quote is-layout-flow wp-block-quote-is-layout-flow\">\n<p>Ce site requiert seulement l&rsquo;adresse email des utilisateurs qui commandent un jeu pour la livraison (par email) du fichier repr\u00e9sentant l\u2019article command\u00e9.<\/p>\n<\/blockquote>\n\n\n\n<blockquote class=\"wp-block-quote is-layout-flow wp-block-quote-is-layout-flow\">\n<p>La dur\u00e9e de\u00a0<strong>conservation de cette donn\u00e9e pendant 3 ans<\/strong>\u00a0permet un suivi commercial des clients.<\/p>\n<\/blockquote>\n\n\n\n<blockquote class=\"wp-block-quote is-layout-flow wp-block-quote-is-layout-flow\">\n<p>Pour exercer leurs droits \u00e0 rectification (modification de leurs donn\u00e9es) et \u00e0 oubli (suppression de leurs donn\u00e9es) les utilisateurs ayant command\u00e9 un article peuvent&nbsp;<strong>adresser leur demande par email \u00e0 l\u2019adresse suivante : karine.lozano@hotmail.fr<\/strong><\/p>\n<\/blockquote>\n","protected":false},"excerpt":{"rendered":"<p>Vot\u00e9 en d\u00e9cembre 2015, le&nbsp;RGPD&nbsp;(R\u00e8glement G\u00e9n\u00e9ral sur la Protection des Donn\u00e9es) s\u2019applique d\u00e8s le 25 mai 2018 \u00e0 tous les acteurs qui collectent de quelle mani\u00e8re que ce soit des donn\u00e9es personnelles, aupr\u00e8s de clients ou de prospects : entreprises, associations, administrations, collectivit\u00e9s locales et syndicats. Quelles sont les principales obligations pour les entreprises ? [&hellip;]<\/p>\n","protected":false},"author":1,"featured_media":0,"parent":0,"menu_order":0,"comment_status":"closed","ping_status":"closed","template":"","meta":{"footnotes":""},"class_list":["post-124","page","type-page","status-publish","hentry"],"aioseo_notices":[],"_links":{"self":[{"href":"https:\/\/123jouer.fr\/index.php\/wp-json\/wp\/v2\/pages\/124","targetHints":{"allow":["GET"]}}],"collection":[{"href":"https:\/\/123jouer.fr\/index.php\/wp-json\/wp\/v2\/pages"}],"about":[{"href":"https:\/\/123jouer.fr\/index.php\/wp-json\/wp\/v2\/types\/page"}],"author":[{"embeddable":true,"href":"https:\/\/123jouer.fr\/index.php\/wp-json\/wp\/v2\/users\/1"}],"replies":[{"embeddable":true,"href":"https:\/\/123jouer.fr\/index.php\/wp-json\/wp\/v2\/comments?post=124"}],"version-history":[{"count":0,"href":"https:\/\/123jouer.fr\/index.php\/wp-json\/wp\/v2\/pages\/124\/revisions"}],"wp:attachment":[{"href":"https:\/\/123jouer.fr\/index.php\/wp-json\/wp\/v2\/media?parent=124"}],"curies":[{"name":"wp","href":"https:\/\/api.w.org\/{rel}","templated":true}]}}