{"id":2,"date":"2023-04-30T15:56:22","date_gmt":"2023-04-30T13:56:22","guid":{"rendered":"http:\/\/123jouer.fr\/?page_id=2"},"modified":"2026-03-04T08:37:45","modified_gmt":"2026-03-04T07:37:45","slug":"page-d-exemple","status":"publish","type":"page","link":"https:\/\/123jouer.fr\/","title":{"rendered":"Vos enfants s\u2019ennuient ? Voici la solution simple."},"content":{"rendered":"<div class=\"wp-block-image\">\n<figure class=\"aligncenter size-medium\"><img loading=\"lazy\" decoding=\"async\" width=\"300\" height=\"300\" src=\"https:\/\/123jouer.fr\/wp-content\/uploads\/2026\/03\/jeux-a-imprimer-pour-enfants-300x300.jpg\" alt=\"\" class=\"wp-image-1868\" srcset=\"https:\/\/123jouer.fr\/wp-content\/uploads\/2026\/03\/jeux-a-imprimer-pour-enfants-300x300.jpg 300w, https:\/\/123jouer.fr\/wp-content\/uploads\/2026\/03\/jeux-a-imprimer-pour-enfants-150x150.jpg 150w, https:\/\/123jouer.fr\/wp-content\/uploads\/2026\/03\/jeux-a-imprimer-pour-enfants-100x100.jpg 100w, https:\/\/123jouer.fr\/wp-content\/uploads\/2026\/03\/jeux-a-imprimer-pour-enfants.jpg 425w\" sizes=\"auto, (max-width: 300px) 100vw, 300px\" \/><\/figure>\n<\/div>\n\n\n<p class=\"has-text-align-center\">Des jeux \u00e0 imprimer pr\u00eats en quelques minutes pour occuper les enfants de 3 \u00e0 12 ans.<\/p>\n\n\n\n<p class=\"has-text-align-center\">Sans \u00e9cran, sans pr\u00e9paration compliqu\u00e9e &#8230; et sans stress.<\/p>\n\n\n\n<div class=\"wp-block-buttons is-content-justification-center is-layout-flex wp-container-core-buttons-is-layout-16018d1d wp-block-buttons-is-layout-flex\">\n<div class=\"wp-block-button has-custom-width wp-block-button__width-50 is-style-outline is-style-outline--1\"><a class=\"wp-block-button__link has-light-green-cyan-background-color has-background wp-element-button\" href=\"https:\/\/123jouer.fr\/index.php\/boutique\/\" style=\"border-top-left-radius:58px;border-top-right-radius:58px;border-bottom-left-radius:58px;border-bottom-right-radius:58px\">Lancez le jeu en quelques minutes.<\/a><\/div>\n<\/div>\n\n\n\n<div class=\"wp-block-group\"><div class=\"wp-block-group__inner-container is-layout-constrained wp-block-group-is-layout-constrained\">\n<div class=\"wp-block-group\"><div class=\"wp-block-group__inner-container is-layout-constrained wp-block-group-is-layout-constrained\">\n<p>Des activit\u00e9s cl\u00e9s en main pour :<\/p>\n\n\n\n<ul class=\"wp-block-list\">\n<li>Les vacances scolaires<\/li>\n<\/ul>\n\n\n\n<ul class=\"wp-block-list\">\n<li>Les mercredis \u00e0 la maison<\/li>\n<\/ul>\n\n\n\n<ul class=\"wp-block-list\">\n<li>Les journ\u00e9es pluvieuses<\/li>\n<\/ul>\n\n\n\n<ul class=\"wp-block-list\">\n<li>Les petits groupes d\u2019enfants<\/li>\n<\/ul>\n\n\n\n<ul class=\"wp-block-list\">\n<li>Les anniversaires sans animateur<\/li>\n<\/ul>\n<\/div><\/div>\n<\/div><\/div>\n\n\n\n<p class=\"has-text-align-center has-vivid-cyan-blue-color has-light-green-cyan-to-vivid-green-cyan-gradient-background has-text-color has-background has-medium-font-size\"><em>1 imprimez &#8230;&#8230;&#8230;&#8230;&#8230;&#8230;&#8230;&#8230;&#8230;&#8230;&#8230;.. 2 D\u00e9coupez &#8230;&#8230;&#8230;&#8230;&#8230;&#8230;&#8230;&#8230;&#8230;&#8230;&#8230;&#8230; 3 jouez<\/em><\/p>\n","protected":false},"excerpt":{"rendered":"<p>Des jeux \u00e0 imprimer pr\u00eats en quelques minutes pour occuper les enfants de 3 \u00e0 12 ans. Sans \u00e9cran, sans pr\u00e9paration compliqu\u00e9e &#8230; et sans stress. Des activit\u00e9s cl\u00e9s en main pour : 1 imprimez &#8230;&#8230;&#8230;&#8230;&#8230;&#8230;&#8230;&#8230;&#8230;&#8230;&#8230;.. 2 D\u00e9coupez &#8230;&#8230;&#8230;&#8230;&#8230;&#8230;&#8230;&#8230;&#8230;&#8230;&#8230;&#8230; 3 jouez<\/p>\n","protected":false},"author":1,"featured_media":0,"parent":0,"menu_order":0,"comment_status":"closed","ping_status":"open","template":"","meta":{"footnotes":""},"class_list":["post-2","page","type-page","status-publish","hentry"],"aioseo_notices":[],"_links":{"self":[{"href":"https:\/\/123jouer.fr\/index.php\/wp-json\/wp\/v2\/pages\/2","targetHints":{"allow":["GET"]}}],"collection":[{"href":"https:\/\/123jouer.fr\/index.php\/wp-json\/wp\/v2\/pages"}],"about":[{"href":"https:\/\/123jouer.fr\/index.php\/wp-json\/wp\/v2\/types\/page"}],"author":[{"embeddable":true,"href":"https:\/\/123jouer.fr\/index.php\/wp-json\/wp\/v2\/users\/1"}],"replies":[{"embeddable":true,"href":"https:\/\/123jouer.fr\/index.php\/wp-json\/wp\/v2\/comments?post=2"}],"version-history":[{"count":39,"href":"https:\/\/123jouer.fr\/index.php\/wp-json\/wp\/v2\/pages\/2\/revisions"}],"predecessor-version":[{"id":1881,"href":"https:\/\/123jouer.fr\/index.php\/wp-json\/wp\/v2\/pages\/2\/revisions\/1881"}],"wp:attachment":[{"href":"https:\/\/123jouer.fr\/index.php\/wp-json\/wp\/v2\/media?parent=2"}],"curies":[{"name":"wp","href":"https:\/\/api.w.org\/{rel}","templated":true}]}}