{"id":568,"date":"2023-05-21T09:44:38","date_gmt":"2023-05-21T07:44:38","guid":{"rendered":"https:\/\/123jouer.fr\/?page_id=568"},"modified":"2023-05-26T18:58:58","modified_gmt":"2023-05-26T16:58:58","slug":"contact","status":"publish","type":"page","link":"https:\/\/123jouer.fr\/index.php\/contact\/","title":{"rendered":"Contact"},"content":{"rendered":"\n<h1 class=\"wp-block-heading\"><\/h1>\n\n\n\n<p>Toutes les questions relatives \u00e0 <a href=\"https:\/\/www.123jouer.fr\" title=\"\"><mark style=\"background-color:rgba(0, 0, 0, 0)\" class=\"has-inline-color has-vivid-cyan-blue-color\">123jouer.fr<\/mark><\/a> peuvent \u00eatre transmises \u00e0 l&rsquo;adresse email suivante : <\/p>\n\n\n\n<p><mark style=\"background-color:rgba(0, 0, 0, 0)\" class=\"has-inline-color has-vivid-cyan-blue-color\"><strong> <\/strong><\/mark><a href=\"mailto:karine.lozano@hotmail.fr\"><strong><mark style=\"background-color:rgba(0, 0, 0, 0)\" class=\"has-inline-color has-vivid-cyan-blue-color\">karine.lozano@hotmail.fr<\/mark><\/strong><\/a><\/p>\n","protected":false},"excerpt":{"rendered":"<p>Toutes les questions relatives \u00e0 123jouer.fr peuvent \u00eatre transmises \u00e0 l&rsquo;adresse email suivante : karine.lozano@hotmail.fr<\/p>\n","protected":false},"author":1,"featured_media":0,"parent":0,"menu_order":0,"comment_status":"closed","ping_status":"closed","template":"","meta":{"footnotes":""},"class_list":["post-568","page","type-page","status-publish","hentry"],"aioseo_notices":[],"_links":{"self":[{"href":"https:\/\/123jouer.fr\/index.php\/wp-json\/wp\/v2\/pages\/568","targetHints":{"allow":["GET"]}}],"collection":[{"href":"https:\/\/123jouer.fr\/index.php\/wp-json\/wp\/v2\/pages"}],"about":[{"href":"https:\/\/123jouer.fr\/index.php\/wp-json\/wp\/v2\/types\/page"}],"author":[{"embeddable":true,"href":"https:\/\/123jouer.fr\/index.php\/wp-json\/wp\/v2\/users\/1"}],"replies":[{"embeddable":true,"href":"https:\/\/123jouer.fr\/index.php\/wp-json\/wp\/v2\/comments?post=568"}],"version-history":[{"count":0,"href":"https:\/\/123jouer.fr\/index.php\/wp-json\/wp\/v2\/pages\/568\/revisions"}],"wp:attachment":[{"href":"https:\/\/123jouer.fr\/index.php\/wp-json\/wp\/v2\/media?parent=568"}],"curies":[{"name":"wp","href":"https:\/\/api.w.org\/{rel}","templated":true}]}}