{"id":1522,"date":"2025-01-09T14:11:25","date_gmt":"2025-01-09T13:11:25","guid":{"rendered":"https:\/\/123jouer.fr\/?post_type=product&#038;p=1522"},"modified":"2025-11-20T16:56:41","modified_gmt":"2025-11-20T15:56:41","slug":"guide-pour-creer-une-chasse-au-tresor-pour-les-3-6-ans","status":"publish","type":"product","link":"https:\/\/123jouer.fr\/index.php\/produit\/guide-pour-creer-une-chasse-au-tresor-pour-les-3-6-ans\/","title":{"rendered":"Guide pour cr\u00e9er une chasse au tr\u00e9sor pour les 3\/6 ans"},"content":{"rendered":"<p>Fichier hyper complet pour cr\u00e9er une chasse au tr\u00e9sor<\/p>\n<p><span class=\"contenu_texte\">Contenu du fichier PDF :<\/span><\/p>\n<p>-23 pages avec :<\/p>\n<ol>\n<li>Introduction<\/li>\n<li>Choisir un th\u00e8me<\/li>\n<li>Pr\u00e9paration<\/li>\n<li>Cr\u00e9ation des \u00e9nigmes et indices<\/li>\n<li>Mise en place du parcours<\/li>\n<li>R\u00e8gles du jeu<\/li>\n<li>Animation de la chasse au tr\u00e9sor<\/li>\n<li>R\u00e9compenses et c\u00e9l\u00e9brations<\/li>\n<li>Annexes<\/li>\n<\/ol>\n<table style=\"height: 267px;\" border=\"0\" width=\"391\" cellspacing=\"0\" cellpadding=\"0\">\n<tbody>\n<tr>\n<td><\/td>\n<\/tr>\n<\/tbody>\n<\/table>\n","protected":false},"excerpt":{"rendered":"<p>Fichier hyper complet pour cr\u00e9er une chasse au tr\u00e9sor Contenu du fichier PDF : -23 pages avec : Introduction Choisir un th\u00e8me Pr\u00e9paration Cr\u00e9ation des \u00e9nigmes et indices Mise en place du parcours R\u00e8gles du jeu Animation de la chasse au tr\u00e9sor R\u00e9compenses et c\u00e9l\u00e9brations Annexes<\/p>\n","protected":false},"featured_media":1520,"template":"","meta":[],"product_brand":[],"product_cat":[28],"product_tag":[],"class_list":{"0":"post-1522","1":"product","2":"type-product","3":"status-publish","4":"has-post-thumbnail","6":"product_cat-bonus","8":"first","9":"instock","10":"sale","11":"downloadable","12":"virtual","13":"purchasable","14":"product-type-simple"},"aioseo_notices":[],"_links":{"self":[{"href":"https:\/\/123jouer.fr\/index.php\/wp-json\/wp\/v2\/product\/1522","targetHints":{"allow":["GET"]}}],"collection":[{"href":"https:\/\/123jouer.fr\/index.php\/wp-json\/wp\/v2\/product"}],"about":[{"href":"https:\/\/123jouer.fr\/index.php\/wp-json\/wp\/v2\/types\/product"}],"wp:featuredmedia":[{"embeddable":true,"href":"https:\/\/123jouer.fr\/index.php\/wp-json\/wp\/v2\/media\/1520"}],"wp:attachment":[{"href":"https:\/\/123jouer.fr\/index.php\/wp-json\/wp\/v2\/media?parent=1522"}],"wp:term":[{"taxonomy":"product_brand","embeddable":true,"href":"https:\/\/123jouer.fr\/index.php\/wp-json\/wp\/v2\/product_brand?post=1522"},{"taxonomy":"product_cat","embeddable":true,"href":"https:\/\/123jouer.fr\/index.php\/wp-json\/wp\/v2\/product_cat?post=1522"},{"taxonomy":"product_tag","embeddable":true,"href":"https:\/\/123jouer.fr\/index.php\/wp-json\/wp\/v2\/product_tag?post=1522"}],"curies":[{"name":"wp","href":"https:\/\/api.w.org\/{rel}","templated":true}]}}