{"id":1569,"date":"2025-02-05T14:31:44","date_gmt":"2025-02-05T13:31:44","guid":{"rendered":"https:\/\/123jouer.fr\/?post_type=product&#038;p=1569"},"modified":"2025-02-10T18:14:58","modified_gmt":"2025-02-10T17:14:58","slug":"25-gourmandises-pour-une-fete","status":"publish","type":"product","link":"https:\/\/123jouer.fr\/index.php\/produit\/25-gourmandises-pour-une-fete\/","title":{"rendered":"25 gourmandises pour une f\u00eate"},"content":{"rendered":"<p>Fichier comprenant 25 gourmandises simples et faciles pour organiser une f\u00eate<\/p>\n<p><span class=\"contenu_texte\">Contenu du fichier PDF :<\/span><\/p>\n<p>-5 snacks.<\/p>\n<p>-5 incontournables.<\/p>\n<p>&#8211; 5 g\u00e2teaux.<\/p>\n<p>&#8211; 5 bonbons.<\/p>\n<p>&#8211; 5 cocktails.<\/p>\n<p>Vous y trouverez les ingr\u00e9dients et la recette.<\/p>\n<p>&nbsp;<\/p>\n","protected":false},"excerpt":{"rendered":"<p>Fichier comprenant 25 gourmandises simples et faciles pour organiser une f\u00eate Contenu du fichier PDF : -5 snacks. -5 incontournables. &#8211; 5 g\u00e2teaux. &#8211; 5 bonbons. &#8211; 5 cocktails. Vous y trouverez les ingr\u00e9dients et la recette. &nbsp;<\/p>\n","protected":false},"featured_media":1563,"template":"","meta":[],"product_brand":[],"product_cat":[28],"product_tag":[],"class_list":{"0":"post-1569","1":"product","2":"type-product","3":"status-publish","4":"has-post-thumbnail","6":"product_cat-bonus","8":"first","9":"instock","10":"sale","11":"downloadable","12":"virtual","13":"purchasable","14":"product-type-simple"},"aioseo_notices":[],"_links":{"self":[{"href":"https:\/\/123jouer.fr\/index.php\/wp-json\/wp\/v2\/product\/1569","targetHints":{"allow":["GET"]}}],"collection":[{"href":"https:\/\/123jouer.fr\/index.php\/wp-json\/wp\/v2\/product"}],"about":[{"href":"https:\/\/123jouer.fr\/index.php\/wp-json\/wp\/v2\/types\/product"}],"wp:featuredmedia":[{"embeddable":true,"href":"https:\/\/123jouer.fr\/index.php\/wp-json\/wp\/v2\/media\/1563"}],"wp:attachment":[{"href":"https:\/\/123jouer.fr\/index.php\/wp-json\/wp\/v2\/media?parent=1569"}],"wp:term":[{"taxonomy":"product_brand","embeddable":true,"href":"https:\/\/123jouer.fr\/index.php\/wp-json\/wp\/v2\/product_brand?post=1569"},{"taxonomy":"product_cat","embeddable":true,"href":"https:\/\/123jouer.fr\/index.php\/wp-json\/wp\/v2\/product_cat?post=1569"},{"taxonomy":"product_tag","embeddable":true,"href":"https:\/\/123jouer.fr\/index.php\/wp-json\/wp\/v2\/product_tag?post=1569"}],"curies":[{"name":"wp","href":"https:\/\/api.w.org\/{rel}","templated":true}]}}