{"id":1739,"date":"2026-01-10T13:18:52","date_gmt":"2026-01-10T12:18:52","guid":{"rendered":"https:\/\/123jouer.fr\/?post_type=product&#038;p=1739"},"modified":"2026-04-28T11:22:05","modified_gmt":"2026-04-28T09:22:05","slug":"carnet-de-jeux-stutch-3-5-ans","status":"publish","type":"product","link":"https:\/\/123jouer.fr\/index.php\/produit\/carnet-de-jeux-stutch-3-5-ans\/","title":{"rendered":"60 jeux \u00e0 imprimer pour occuper ton enfant de 3 \u00e0 5 ans sans \u00e9cran"},"content":{"rendered":"<p><strong>Ton enfant s\u2019ennuie\u2026 et tu n\u2019as ni le temps ni l\u2019\u00e9nergie pour pr\u00e9parer une activit\u00e9 ? <\/strong><br \/>\n<strong>En 2 minutes, imprime une page et laisse-le jouer tranquillement, sans \u00e9cran.<\/strong><\/p>\n<p>\u2714\ufe0f 60 pages de jeux pr\u00eates \u00e0 imprimer<br \/>\n\u2714\ufe0f Activit\u00e9s simples et adapt\u00e9es aux enfants de 3 \u00e0 5 ans<br \/>\n\u2714\ufe0f Aucune pr\u00e9paration n\u00e9cessaire<br \/>\n\u2714\ufe0f Chaque activit\u00e9 dure 5 \u00e0 10 minutes<br \/>\n\u2714\ufe0f Ton enfant peut jouer seul en autonomie<\/p>\n<p>&nbsp;<\/p>\n<p>\ud83d\udc49 <strong>Tu imprimes \u2192 ton enfant joue \u2192 tu respires<\/strong><\/p>\n<p>&nbsp;<\/p>\n<p>Parfait quand ton enfant tourne en rond, que tu es fatigu\u00e9e ou que tu as besoin de 10 minutes de calme.<\/p>\n<p>\ud83d\udc49 Tu n\u2019as rien \u00e0 pr\u00e9parer, rien \u00e0 organiser.<br \/>\n\ud83d\udc49 Tu imprimes une page et c\u2019est pr\u00eat.<\/p>\n<p>\u2714\ufe0f Adapt\u00e9 aux enfants de 3 \u00e0 5 ans<br \/>\n\u2714\ufe0f Aucun mat\u00e9riel sp\u00e9cifique n\u00e9cessaire<br \/>\n\u2714\ufe0f \u00c0 imprimer autant de fois que tu veux<\/p>\n<p>\ud83d\udc49 Id\u00e9al m\u00eame si ton enfant n\u2019aime pas rester longtemps concentr\u00e9<\/p>\n<p>Id\u00e9al pour t\u2019offrir 10 minutes de calme sans culpabiliser<\/p>\n<p><strong>T\u00e9l\u00e9chargement imm\u00e9diat apr\u00e8s achat (acc\u00e8s en 2 minutes)<\/strong><\/p>\n<p>&nbsp;<\/p>\n","protected":false},"excerpt":{"rendered":"<p>Ton enfant s\u2019ennuie\u2026 et tu n\u2019as ni le temps ni l\u2019\u00e9nergie pour pr\u00e9parer une activit\u00e9 ? En 2 minutes, imprime une page et laisse-le jouer tranquillement, sans \u00e9cran. \u2714\ufe0f 60 pages de jeux pr\u00eates \u00e0 imprimer \u2714\ufe0f Activit\u00e9s simples et adapt\u00e9es aux enfants de 3 \u00e0 5 ans \u2714\ufe0f Aucune pr\u00e9paration n\u00e9cessaire \u2714\ufe0f Chaque activit\u00e9 [&hellip;]<\/p>\n","protected":false},"featured_media":1754,"template":"","meta":[],"product_brand":[],"product_cat":[33],"product_tag":[],"class_list":{"0":"post-1739","1":"product","2":"type-product","3":"status-publish","4":"has-post-thumbnail","6":"product_cat-carnets-de-jeux","8":"first","9":"instock","10":"downloadable","11":"virtual","12":"purchasable","13":"product-type-simple"},"aioseo_notices":[],"_links":{"self":[{"href":"https:\/\/123jouer.fr\/index.php\/wp-json\/wp\/v2\/product\/1739","targetHints":{"allow":["GET"]}}],"collection":[{"href":"https:\/\/123jouer.fr\/index.php\/wp-json\/wp\/v2\/product"}],"about":[{"href":"https:\/\/123jouer.fr\/index.php\/wp-json\/wp\/v2\/types\/product"}],"wp:featuredmedia":[{"embeddable":true,"href":"https:\/\/123jouer.fr\/index.php\/wp-json\/wp\/v2\/media\/1754"}],"wp:attachment":[{"href":"https:\/\/123jouer.fr\/index.php\/wp-json\/wp\/v2\/media?parent=1739"}],"wp:term":[{"taxonomy":"product_brand","embeddable":true,"href":"https:\/\/123jouer.fr\/index.php\/wp-json\/wp\/v2\/product_brand?post=1739"},{"taxonomy":"product_cat","embeddable":true,"href":"https:\/\/123jouer.fr\/index.php\/wp-json\/wp\/v2\/product_cat?post=1739"},{"taxonomy":"product_tag","embeddable":true,"href":"https:\/\/123jouer.fr\/index.php\/wp-json\/wp\/v2\/product_tag?post=1739"}],"curies":[{"name":"wp","href":"https:\/\/api.w.org\/{rel}","templated":true}]}}