{"id":1771,"date":"2026-02-06T12:10:51","date_gmt":"2026-02-06T11:10:51","guid":{"rendered":"https:\/\/123jouer.fr\/?post_type=product&#038;p=1771"},"modified":"2026-03-03T09:55:12","modified_gmt":"2026-03-03T08:55:12","slug":"escape-game-lecole-de-la-magie","status":"publish","type":"product","link":"https:\/\/123jouer.fr\/index.php\/produit\/escape-game-lecole-de-la-magie\/","title":{"rendered":"Escape Game : l&rsquo;\u00e9cole de la magie"},"content":{"rendered":"<h2 data-start=\"219\" data-end=\"276\">\ud83e\ude84 L\u2019\u00c9cole de Magie \u2013 Escape game \u00e0 imprimer (6\u20138 ans)<\/h2>\n<p data-start=\"278\" data-end=\"526\">La magie est en danger\u2026<br data-start=\"301\" data-end=\"304\" \/>\u00c0 l\u2019\u00c9cole de Magie, les sorts ne fonctionnent plus correctement et certains objets magiques sont d\u00e9r\u00e9gl\u00e9s.<br data-start=\"410\" data-end=\"413\" \/>Les enfants deviennent de <strong data-start=\"439\" data-end=\"468\">jeunes apprentis sorciers<\/strong> charg\u00e9s d\u2019aider le professeur de magie \u00e0 r\u00e9parer l\u2019\u00e9cole.<\/p>\n<p data-start=\"528\" data-end=\"794\"><strong data-start=\"528\" data-end=\"548\">L\u2019\u00c9cole de Magie<\/strong> est un escape game cl\u00e9 en main, \u00e0 imprimer, con\u00e7u sp\u00e9cialement pour les enfants de <strong data-start=\"632\" data-end=\"645\">6 \u00e0 8 ans<\/strong>.<br data-start=\"646\" data-end=\"649\" \/>\u00c0 travers plusieurs <strong data-start=\"669\" data-end=\"710\">\u00e9preuves magiques simples et ludiques<\/strong>, ils devront observer, associer, r\u00e9fl\u00e9chir et coop\u00e9rer pour faire revenir la magie.<\/p>\n<hr data-start=\"796\" data-end=\"799\" \/>\n<h2 data-start=\"801\" data-end=\"838\">\ud83d\udd0d Ce que contient l\u2019escape game :<\/h2>\n<ul data-start=\"840\" data-end=\"1141\">\n<li data-start=\"840\" data-end=\"882\">\n<p data-start=\"842\" data-end=\"882\">Une <strong data-start=\"846\" data-end=\"882\">histoire immersive et rassurante<\/strong><\/p>\n<\/li>\n<li data-start=\"883\" data-end=\"1003\">\n<p data-start=\"885\" data-end=\"1003\"><strong data-start=\"885\" data-end=\"921\">4 \u00e9preuves magiques progressives<\/strong>, adapt\u00e9es aux 6\u20138 ans<br data-start=\"943\" data-end=\"946\" \/>(compter, associer, trouver l\u2019intrus, suivre un chemin)<\/p>\n<\/li>\n<li data-start=\"1004\" data-end=\"1049\">\n<p data-start=\"1006\" data-end=\"1049\">Une <strong data-start=\"1010\" data-end=\"1049\">\u00e9tape finale avec un rituel magique<\/strong><\/p>\n<\/li>\n<li data-start=\"1050\" data-end=\"1094\">\n<p data-start=\"1052\" data-end=\"1094\">Une <strong data-start=\"1056\" data-end=\"1094\">page solutions r\u00e9serv\u00e9e \u00e0 l\u2019adulte<\/strong><\/p>\n<\/li>\n<li data-start=\"1095\" data-end=\"1141\">\n<p data-start=\"1097\" data-end=\"1141\">Un <strong data-start=\"1100\" data-end=\"1130\">dipl\u00f4me d\u2019apprenti sorcier<\/strong> \u00e0 imprimer<\/p>\n<\/li>\n<\/ul>\n<hr data-start=\"1143\" data-end=\"1146\" \/>\n<h2 data-start=\"1148\" data-end=\"1166\">\ud83d\udc67\ud83d\udc66 Pour qui ?<\/h2>\n<ul data-start=\"1168\" data-end=\"1287\">\n<li data-start=\"1168\" data-end=\"1194\">\n<p data-start=\"1170\" data-end=\"1194\">Enfants de <strong data-start=\"1181\" data-end=\"1194\">6 \u00e0 8 ans<\/strong><\/p>\n<\/li>\n<li data-start=\"1195\" data-end=\"1249\">\n<p data-start=\"1197\" data-end=\"1249\">\u00c0 jouer <strong data-start=\"1205\" data-end=\"1249\">en famille, en classe ou en petit groupe<\/strong><\/p>\n<\/li>\n<li data-start=\"1250\" data-end=\"1287\">\n<p data-start=\"1252\" data-end=\"1287\">Sous la <strong data-start=\"1260\" data-end=\"1287\">supervision d\u2019un adulte<\/strong><\/p>\n<\/li>\n<\/ul>\n<h3 data-start=\"1289\" data-end=\"1305\">Id\u00e9al pour :<\/h3>\n<ul data-start=\"1306\" data-end=\"1415\">\n<li data-start=\"1306\" data-end=\"1323\">\n<p data-start=\"1308\" data-end=\"1323\">un anniversaire<\/p>\n<\/li>\n<li data-start=\"1324\" data-end=\"1352\">\n<p data-start=\"1326\" data-end=\"1352\">un mercredi ou un week-end<\/p>\n<\/li>\n<li data-start=\"1353\" data-end=\"1378\">\n<p data-start=\"1355\" data-end=\"1378\">une activit\u00e9 sans \u00e9cran<\/p>\n<\/li>\n<li data-start=\"1379\" data-end=\"1415\">\n<p data-start=\"1381\" data-end=\"1415\">une classe ou un centre de loisirs<\/p>\n<\/li>\n<\/ul>\n<hr data-start=\"1417\" data-end=\"1420\" \/>\n<h2 data-start=\"1422\" data-end=\"1444\">\u23f1\ufe0f Dur\u00e9e &amp; mat\u00e9riel<\/h2>\n<p data-start=\"1446\" data-end=\"1482\">\u23f0 Environ <strong data-start=\"1456\" data-end=\"1475\">45 \u00e0 60 minutes<\/strong> de jeu<\/p>\n<p data-start=\"1484\" data-end=\"1508\">\u270f\ufe0f Mat\u00e9riel n\u00e9cessaire :<\/p>\n<ul data-start=\"1509\" data-end=\"1550\">\n<li data-start=\"1509\" data-end=\"1525\">\n<p data-start=\"1511\" data-end=\"1525\">le PDF imprim\u00e9<\/p>\n<\/li>\n<li data-start=\"1526\" data-end=\"1550\">\n<p data-start=\"1528\" data-end=\"1550\">un crayon ou un feutre<\/p>\n<\/li>\n<\/ul>\n<p data-start=\"1552\" data-end=\"1599\">Aucune pr\u00e9paration compliqu\u00e9e n\u2019est n\u00e9cessaire.<\/p>\n<hr data-start=\"1601\" data-end=\"1604\" \/>\n<h2 data-start=\"1606\" data-end=\"1639\">\u2b50 Pourquoi les enfants adorent<\/h2>\n<ul data-start=\"1641\" data-end=\"1861\">\n<li data-start=\"1641\" data-end=\"1682\">\n<p data-start=\"1643\" data-end=\"1682\">Ils entrent dans un <strong data-start=\"1663\" data-end=\"1682\">univers magique<\/strong><\/p>\n<\/li>\n<li data-start=\"1683\" data-end=\"1731\">\n<p data-start=\"1685\" data-end=\"1731\">Ils r\u00e9ussissent des \u00e9preuves <strong data-start=\"1714\" data-end=\"1731\">\u00e0 leur port\u00e9e<\/strong><\/p>\n<\/li>\n<li data-start=\"1732\" data-end=\"1760\">\n<p data-start=\"1734\" data-end=\"1760\">Ils coop\u00e8rent et \u00e9changent<\/p>\n<\/li>\n<li data-start=\"1761\" data-end=\"1804\">\n<p data-start=\"1763\" data-end=\"1804\">Ils vivent un <strong data-start=\"1777\" data-end=\"1804\">rituel final valorisant<\/strong><\/p>\n<\/li>\n<li data-start=\"1805\" data-end=\"1861\">\n<p data-start=\"1807\" data-end=\"1861\">Ils repartent avec un <strong data-start=\"1829\" data-end=\"1840\">dipl\u00f4me<\/strong> et une grande fiert\u00e9<\/p>\n<\/li>\n<\/ul>\n","protected":false},"excerpt":{"rendered":"<p>\ud83e\ude84 L\u2019\u00c9cole de Magie \u2013 Escape game \u00e0 imprimer (6\u20138 ans) La magie est en danger\u2026\u00c0 l\u2019\u00c9cole de Magie, les sorts ne fonctionnent plus correctement et certains objets magiques sont d\u00e9r\u00e9gl\u00e9s.Les enfants deviennent de jeunes apprentis sorciers charg\u00e9s d\u2019aider le professeur de magie \u00e0 r\u00e9parer l\u2019\u00e9cole. L\u2019\u00c9cole de Magie est un escape game cl\u00e9 en [&hellip;]<\/p>\n","protected":false},"featured_media":1862,"template":"","meta":[],"product_brand":[],"product_cat":[34],"product_tag":[],"class_list":{"0":"post-1771","1":"product","2":"type-product","3":"status-publish","4":"has-post-thumbnail","6":"product_cat-escape-games","8":"first","9":"instock","10":"downloadable","11":"virtual","12":"purchasable","13":"product-type-simple"},"aioseo_notices":[],"_links":{"self":[{"href":"https:\/\/123jouer.fr\/index.php\/wp-json\/wp\/v2\/product\/1771","targetHints":{"allow":["GET"]}}],"collection":[{"href":"https:\/\/123jouer.fr\/index.php\/wp-json\/wp\/v2\/product"}],"about":[{"href":"https:\/\/123jouer.fr\/index.php\/wp-json\/wp\/v2\/types\/product"}],"wp:featuredmedia":[{"embeddable":true,"href":"https:\/\/123jouer.fr\/index.php\/wp-json\/wp\/v2\/media\/1862"}],"wp:attachment":[{"href":"https:\/\/123jouer.fr\/index.php\/wp-json\/wp\/v2\/media?parent=1771"}],"wp:term":[{"taxonomy":"product_brand","embeddable":true,"href":"https:\/\/123jouer.fr\/index.php\/wp-json\/wp\/v2\/product_brand?post=1771"},{"taxonomy":"product_cat","embeddable":true,"href":"https:\/\/123jouer.fr\/index.php\/wp-json\/wp\/v2\/product_cat?post=1771"},{"taxonomy":"product_tag","embeddable":true,"href":"https:\/\/123jouer.fr\/index.php\/wp-json\/wp\/v2\/product_tag?post=1771"}],"curies":[{"name":"wp","href":"https:\/\/api.w.org\/{rel}","templated":true}]}}