{"id":374,"date":"2023-05-14T15:22:15","date_gmt":"2023-05-14T13:22:15","guid":{"rendered":"https:\/\/123jouer.fr\/?post_type=product&#038;p=374"},"modified":"2026-01-06T13:10:13","modified_gmt":"2026-01-06T12:10:13","slug":"madame-bisous","status":"publish","type":"product","link":"https:\/\/123jouer.fr\/index.php\/produit\/madame-bisous\/","title":{"rendered":"Madame Bisous"},"content":{"rendered":"<p>Madame bisous est une maman si c\u00e2line qu\u2019elle passe son temps \u00e0 faire des bisous \u00e0 ses 12 b\u00e9b\u00e9s.<br \/>\nMais un fermier jaloux a vol\u00e9 tous les bisous de Madame bisous. Il faut constituer une \u00e9quipe d\u2019aventuriers pour aider Madame bisous \u00e0 retrouver ses bisous.<br \/>\nUne chasse au tr\u00e9sor rigolote, tr\u00e8s simple \u00e0 mettre en place dans un jardin ou un parc.<\/p>\n<p>&nbsp;<\/p>\n<p>D\u00e9tail :<br \/>\nTemps de pr\u00e9paration : Environ 15 minutes<br \/>\nTemps de jeu : Environ 1 heure<br \/>\nLieu : Ext\u00e9rieur<br \/>\nPublic : Filles et gar\u00e7ons<br \/>\nParticipants : 1 \u00e0 12 joueurs<br \/>\nMat\u00e9riel : P\u00e2te \u00e0 fixe, scotch, ciseaux et un arrosoir<\/p>\n<p>&nbsp;<\/p>\n<p>Contenu du fichier PDF :<br \/>\n\u2022 2 pages d\u2019explications pour l\u2019organisateur<\/p>\n<p>\u2022 Le message de Madame bisous<\/p>\n<p>\u2022 La feuille de route pour l\u2019organisateur<\/p>\n<p>\u2022 2 pages de bisous<\/p>\n<p>\u2022 1 puzzle<\/p>\n","protected":false},"excerpt":{"rendered":"<p>Madame bisous est une maman si c\u00e2line qu\u2019elle passe son temps \u00e0 faire des bisous \u00e0 ses 12 b\u00e9b\u00e9s. Mais un fermier jaloux a vol\u00e9 tous les bisous de Madame bisous. Il faut constituer une \u00e9quipe d\u2019aventuriers pour aider Madame bisous \u00e0 retrouver ses bisous. Une chasse au tr\u00e9sor rigolote, tr\u00e8s simple \u00e0 mettre en [&hellip;]<\/p>\n","protected":false},"featured_media":1087,"template":"","meta":[],"product_brand":[],"product_cat":[16],"product_tag":[],"class_list":{"0":"post-374","1":"product","2":"type-product","3":"status-publish","4":"has-post-thumbnail","6":"product_cat-chasses-au-tresor-3-a-5-ans","8":"first","9":"instock","10":"downloadable","11":"virtual","12":"purchasable","13":"product-type-simple"},"aioseo_notices":[],"_links":{"self":[{"href":"https:\/\/123jouer.fr\/index.php\/wp-json\/wp\/v2\/product\/374","targetHints":{"allow":["GET"]}}],"collection":[{"href":"https:\/\/123jouer.fr\/index.php\/wp-json\/wp\/v2\/product"}],"about":[{"href":"https:\/\/123jouer.fr\/index.php\/wp-json\/wp\/v2\/types\/product"}],"wp:featuredmedia":[{"embeddable":true,"href":"https:\/\/123jouer.fr\/index.php\/wp-json\/wp\/v2\/media\/1087"}],"wp:attachment":[{"href":"https:\/\/123jouer.fr\/index.php\/wp-json\/wp\/v2\/media?parent=374"}],"wp:term":[{"taxonomy":"product_brand","embeddable":true,"href":"https:\/\/123jouer.fr\/index.php\/wp-json\/wp\/v2\/product_brand?post=374"},{"taxonomy":"product_cat","embeddable":true,"href":"https:\/\/123jouer.fr\/index.php\/wp-json\/wp\/v2\/product_cat?post=374"},{"taxonomy":"product_tag","embeddable":true,"href":"https:\/\/123jouer.fr\/index.php\/wp-json\/wp\/v2\/product_tag?post=374"}],"curies":[{"name":"wp","href":"https:\/\/api.w.org\/{rel}","templated":true}]}}