{"id":395,"date":"2023-05-15T12:51:00","date_gmt":"2023-05-15T10:51:00","guid":{"rendered":"https:\/\/123jouer.fr\/?post_type=product&#038;p=395"},"modified":"2026-01-06T13:08:30","modified_gmt":"2026-01-06T12:08:30","slug":"musty-lavion-facteur","status":"publish","type":"product","link":"https:\/\/123jouer.fr\/index.php\/produit\/musty-lavion-facteur\/","title":{"rendered":"L\u2019avion facteur"},"content":{"rendered":"<p>Distribuer du courrier, c\u2019est facile ! ! ! C\u2019est ce que croyait aussi le petit avion facteur Musty.<br \/>\nMais comment ne pas se tromper?<br \/>\nVous pouvez l\u2019aider si vous \u00eates rus\u00e9s et rapides &#8230; et il saura vous r\u00e9compenser !<\/p>\n<p>&nbsp;<\/p>\n<p>D\u00e9tail :<br \/>\nTemps de pr\u00e9paration : Environ 10 minutes<br \/>\nTemps de jeu : Environ 1 heure<br \/>\nLieu : Int\u00e9rieur et\/ou ext\u00e9rieur<br \/>\nPublic : Filles et gar\u00e7ons<br \/>\nParticipants : 2 \u00e0 10 joueurs<br \/>\nMat\u00e9riel : Ciseaux, des feuilles, de la colle et des feutres<\/p>\n<p>&nbsp;<\/p>\n<p><span class=\"contenu_texte\">Contenu du fichier PDF :<\/span><\/p>\n<p>\u2022 2 pages d\u2019explications pour l\u2019organisateur<br \/>\n\u2022 la lettre de Musty<br \/>\n\u2022 3 pages avec les \u00e9tiquettes des bo\u00eetes aux lettres<br \/>\n\u2022 3 pages avec les cartes courrier \u00e0 distribuer<br \/>\n\u2022 1 page avec le coloriage de Musty<br \/>\n\u2022 1 page avec les instructions pour fabriquer un avion<br \/>\n\u2022 1 page avec le dernier message de Musty<br \/>\n\u2022 Les dipl\u00f4mes<\/p>\n","protected":false},"excerpt":{"rendered":"<p>Distribuer du courrier, c\u2019est facile ! ! ! C\u2019est ce que croyait aussi le petit avion facteur Musty. Mais comment ne pas se tromper? Vous pouvez l\u2019aider si vous \u00eates rus\u00e9s et rapides &#8230; et il saura vous r\u00e9compenser ! &nbsp; D\u00e9tail : Temps de pr\u00e9paration : Environ 10 minutes Temps de jeu : Environ [&hellip;]<\/p>\n","protected":false},"featured_media":1085,"template":"","meta":[],"product_brand":[],"product_cat":[16],"product_tag":[],"class_list":{"0":"post-395","1":"product","2":"type-product","3":"status-publish","4":"has-post-thumbnail","6":"product_cat-chasses-au-tresor-3-a-5-ans","8":"first","9":"instock","10":"downloadable","11":"virtual","12":"purchasable","13":"product-type-simple"},"aioseo_notices":[],"_links":{"self":[{"href":"https:\/\/123jouer.fr\/index.php\/wp-json\/wp\/v2\/product\/395","targetHints":{"allow":["GET"]}}],"collection":[{"href":"https:\/\/123jouer.fr\/index.php\/wp-json\/wp\/v2\/product"}],"about":[{"href":"https:\/\/123jouer.fr\/index.php\/wp-json\/wp\/v2\/types\/product"}],"wp:featuredmedia":[{"embeddable":true,"href":"https:\/\/123jouer.fr\/index.php\/wp-json\/wp\/v2\/media\/1085"}],"wp:attachment":[{"href":"https:\/\/123jouer.fr\/index.php\/wp-json\/wp\/v2\/media?parent=395"}],"wp:term":[{"taxonomy":"product_brand","embeddable":true,"href":"https:\/\/123jouer.fr\/index.php\/wp-json\/wp\/v2\/product_brand?post=395"},{"taxonomy":"product_cat","embeddable":true,"href":"https:\/\/123jouer.fr\/index.php\/wp-json\/wp\/v2\/product_cat?post=395"},{"taxonomy":"product_tag","embeddable":true,"href":"https:\/\/123jouer.fr\/index.php\/wp-json\/wp\/v2\/product_tag?post=395"}],"curies":[{"name":"wp","href":"https:\/\/api.w.org\/{rel}","templated":true}]}}