{"id":416,"date":"2023-05-15T13:52:44","date_gmt":"2023-05-15T11:52:44","guid":{"rendered":"https:\/\/123jouer.fr\/?post_type=product&#038;p=416"},"modified":"2026-01-06T14:14:23","modified_gmt":"2026-01-06T13:14:23","slug":"liberee-delivree","status":"publish","type":"product","link":"https:\/\/123jouer.fr\/index.php\/produit\/liberee-delivree\/","title":{"rendered":"Lib\u00e9r\u00e9e d\u00e9livr\u00e9e"},"content":{"rendered":"<p>Qui ne connait pas la reine des neiges ?<br \/>\nAujourd\u2019hui elle compte sur vous car vous pouvez la d\u00e9livrer compl\u00e9tement de ce pouvoir de glace qui lui g\u00e2che la vie.<br \/>\nElle saura vous r\u00e9compenser, soyez-en certain ! ! !<\/p>\n<p>&nbsp;<\/p>\n<p>D\u00e9tail :<br \/>\nTemps de pr\u00e9paration : Environ 5 minutes<br \/>\nTemps de jeu : Environ 1 heure<br \/>\nLieu : Int\u00e9rieur ou ext\u00e9rieur<br \/>\nPublic : Filles et gar\u00e7ons<br \/>\nParticipants : 2 \u00e0 12 joueurs<br \/>\nMat\u00e9riel : Des paires de ciseaux, des crayons de couleurs, la chanson lib\u00e9r\u00e9e d\u00e9livr\u00e9e, un lecteur de musique, de la colle et des journaux.<\/p>\n<p>&nbsp;<\/p>\n<p>Contenu du fichier PDF :<br \/>\n\u2022 2 pages d\u2019explications pour l\u2019organisateur<\/p>\n<p>\u2022 1 page avec la lettre de la reine<\/p>\n<p>\u2022 Les cartes flocons<\/p>\n<p>\u2022 Le tableau pour l\u2019organisateur<\/p>\n<p>\u2022 Les charades<\/p>\n<p>\u2022 Les dipl\u00f4mes<\/p>\n<p>&nbsp;<\/p>\n","protected":false},"excerpt":{"rendered":"<p>Qui ne connait pas la reine des neiges ? Aujourd\u2019hui elle compte sur vous car vous pouvez la d\u00e9livrer compl\u00e9tement de ce pouvoir de glace qui lui g\u00e2che la vie. Elle saura vous r\u00e9compenser, soyez-en certain ! ! ! &nbsp; D\u00e9tail : Temps de pr\u00e9paration : Environ 5 minutes Temps de jeu : Environ 1 [&hellip;]<\/p>\n","protected":false},"featured_media":1109,"template":"","meta":[],"product_brand":[],"product_cat":[17],"product_tag":[],"class_list":{"0":"post-416","1":"product","2":"type-product","3":"status-publish","4":"has-post-thumbnail","6":"product_cat-chasses-au-tresor-6-a-8-ans","8":"first","9":"instock","10":"downloadable","11":"virtual","12":"purchasable","13":"product-type-simple"},"aioseo_notices":[],"_links":{"self":[{"href":"https:\/\/123jouer.fr\/index.php\/wp-json\/wp\/v2\/product\/416","targetHints":{"allow":["GET"]}}],"collection":[{"href":"https:\/\/123jouer.fr\/index.php\/wp-json\/wp\/v2\/product"}],"about":[{"href":"https:\/\/123jouer.fr\/index.php\/wp-json\/wp\/v2\/types\/product"}],"wp:featuredmedia":[{"embeddable":true,"href":"https:\/\/123jouer.fr\/index.php\/wp-json\/wp\/v2\/media\/1109"}],"wp:attachment":[{"href":"https:\/\/123jouer.fr\/index.php\/wp-json\/wp\/v2\/media?parent=416"}],"wp:term":[{"taxonomy":"product_brand","embeddable":true,"href":"https:\/\/123jouer.fr\/index.php\/wp-json\/wp\/v2\/product_brand?post=416"},{"taxonomy":"product_cat","embeddable":true,"href":"https:\/\/123jouer.fr\/index.php\/wp-json\/wp\/v2\/product_cat?post=416"},{"taxonomy":"product_tag","embeddable":true,"href":"https:\/\/123jouer.fr\/index.php\/wp-json\/wp\/v2\/product_tag?post=416"}],"curies":[{"name":"wp","href":"https:\/\/api.w.org\/{rel}","templated":true}]}}