{"id":426,"date":"2023-05-15T15:12:58","date_gmt":"2023-05-15T13:12:58","guid":{"rendered":"https:\/\/123jouer.fr\/?post_type=product&#038;p=426"},"modified":"2026-01-06T14:12:17","modified_gmt":"2026-01-06T13:12:17","slug":"tortue-ninja","status":"publish","type":"product","link":"https:\/\/123jouer.fr\/index.php\/produit\/tortue-ninja\/","title":{"rendered":"La tortue Ninja"},"content":{"rendered":"<p>Saisissez cette opportunit\u00e9 de devenir un vrai Ninja !<br \/>\nMais il vous faudra relever de vrais d\u00e9fis.<\/p>\n<p>Cap ou pas cap ?<\/p>\n<p>&nbsp;<\/p>\n<p>D\u00e9tail :<br \/>\nTemps de pr\u00e9paration : Environ 5 minutes<br \/>\nTemps de jeu : Environ 1 heure<br \/>\nLieu : Int\u00e9rieur ou ext\u00e9rieur<br \/>\nPublic : Filles et gar\u00e7ons<br \/>\nParticipants : 4 \u00e0 10 joueurs<br \/>\nMat\u00e9riel : Une paire de ciseaux, feuilles, crayons.<\/p>\n<p>&nbsp;<\/p>\n<p>Contenu du fichier PDF :<br \/>\n\u2022 2 pages d\u2019explications pour l\u2019organisateur<\/p>\n<p>\u2022 1 page avec la lettre du Ninja<\/p>\n<p>\u2022 1 page avec le tableau organisateur des d\u00e9fis<\/p>\n<p>\u2022 1 page avec les cartes indice<\/p>\n<p>\u2022 1 page avec les cartes d\u2019invitation<\/p>\n<p>\u2022 1 page avec les dipl\u00f4mes<\/p>\n","protected":false},"excerpt":{"rendered":"<p>Saisissez cette opportunit\u00e9 de devenir un vrai Ninja ! Mais il vous faudra relever de vrais d\u00e9fis. Cap ou pas cap ? &nbsp; D\u00e9tail : Temps de pr\u00e9paration : Environ 5 minutes Temps de jeu : Environ 1 heure Lieu : Int\u00e9rieur ou ext\u00e9rieur Public : Filles et gar\u00e7ons Participants : 4 \u00e0 10 joueurs [&hellip;]<\/p>\n","protected":false},"featured_media":1104,"template":"","meta":[],"product_brand":[],"product_cat":[17],"product_tag":[],"class_list":{"0":"post-426","1":"product","2":"type-product","3":"status-publish","4":"has-post-thumbnail","6":"product_cat-chasses-au-tresor-6-a-8-ans","8":"first","9":"instock","10":"downloadable","11":"virtual","12":"purchasable","13":"product-type-simple"},"aioseo_notices":[],"_links":{"self":[{"href":"https:\/\/123jouer.fr\/index.php\/wp-json\/wp\/v2\/product\/426","targetHints":{"allow":["GET"]}}],"collection":[{"href":"https:\/\/123jouer.fr\/index.php\/wp-json\/wp\/v2\/product"}],"about":[{"href":"https:\/\/123jouer.fr\/index.php\/wp-json\/wp\/v2\/types\/product"}],"wp:featuredmedia":[{"embeddable":true,"href":"https:\/\/123jouer.fr\/index.php\/wp-json\/wp\/v2\/media\/1104"}],"wp:attachment":[{"href":"https:\/\/123jouer.fr\/index.php\/wp-json\/wp\/v2\/media?parent=426"}],"wp:term":[{"taxonomy":"product_brand","embeddable":true,"href":"https:\/\/123jouer.fr\/index.php\/wp-json\/wp\/v2\/product_brand?post=426"},{"taxonomy":"product_cat","embeddable":true,"href":"https:\/\/123jouer.fr\/index.php\/wp-json\/wp\/v2\/product_cat?post=426"},{"taxonomy":"product_tag","embeddable":true,"href":"https:\/\/123jouer.fr\/index.php\/wp-json\/wp\/v2\/product_tag?post=426"}],"curies":[{"name":"wp","href":"https:\/\/api.w.org\/{rel}","templated":true}]}}