{"id":428,"date":"2023-05-15T15:15:57","date_gmt":"2023-05-15T13:15:57","guid":{"rendered":"https:\/\/123jouer.fr\/?post_type=product&#038;p=428"},"modified":"2026-01-06T14:11:47","modified_gmt":"2026-01-06T13:11:47","slug":"les-experiences-de-tigri","status":"publish","type":"product","link":"https:\/\/123jouer.fr\/index.php\/produit\/les-experiences-de-tigri\/","title":{"rendered":"Exp\u00e9riences de Tigri"},"content":{"rendered":"<p>Tigri est un chat instruit qui r\u00e9alise des exp\u00e9riences scientifiques pour les habitants de son village. Mais il est malade et son carnet de commandes est plein ! Il a donc accept\u00e9 de d\u00e9voiler certains de ses secrets aux enfants malins et adroits qui voudront bien l\u2019aider.<br \/>\nD\u00e9fis et indices vous guideront dans ces exp\u00e9riences amusantes &#8230; jusqu\u2019\u00e0 la r\u00e9compense finale bien m\u00e9rit\u00e9e !<\/p>\n<p>&nbsp;<\/p>\n<p>D\u00e9tail :<br \/>\nTemps de pr\u00e9paration : Environ 10 minutes<br \/>\nTemps de jeu : Environ 2 heures<br \/>\nLieu : Int\u00e9rieur<br \/>\nPublic : Filles et gar\u00e7ons<br \/>\nParticipants : 1 \u00e0 12 joueurs<br \/>\nMat\u00e9riel : Ballons de baudruche, lait, coton-tiges, colorants alimentaires, liquide vaisselle, farine, 1 petite bouteille vide en plastique par enfant<\/p>\n<p>&nbsp;<\/p>\n<p>Contenu du fichier PDF :<br \/>\n\u2022 2 pages d\u2019explications pour l\u2019organisateur<\/p>\n<p>\u2022 La lettre de Tigri<\/p>\n<p>\u2022 La mission 1<\/p>\n<p>\u2022 Les cartes ingr\u00e9dients mission 1<\/p>\n<p>\u2022 La feuille de route pour les 2 missions<\/p>\n<p>\u2022 Les cartes ingr\u00e9dients mission 2 + dernier message de Tigri<\/p>\n<p>\u2022 La mission 2<\/p>\n<p>\u2022 Les dipl\u00f4mes<\/p>\n<p>\u2022 Les invitations<\/p>\n","protected":false},"excerpt":{"rendered":"<p>Tigri est un chat instruit qui r\u00e9alise des exp\u00e9riences scientifiques pour les habitants de son village. Mais il est malade et son carnet de commandes est plein ! Il a donc accept\u00e9 de d\u00e9voiler certains de ses secrets aux enfants malins et adroits qui voudront bien l\u2019aider. D\u00e9fis et indices vous guideront dans ces exp\u00e9riences [&hellip;]<\/p>\n","protected":false},"featured_media":1112,"template":"","meta":[],"product_brand":[],"product_cat":[17],"product_tag":[],"class_list":{"0":"post-428","1":"product","2":"type-product","3":"status-publish","4":"has-post-thumbnail","6":"product_cat-chasses-au-tresor-6-a-8-ans","8":"first","9":"instock","10":"downloadable","11":"virtual","12":"purchasable","13":"product-type-simple"},"aioseo_notices":[],"_links":{"self":[{"href":"https:\/\/123jouer.fr\/index.php\/wp-json\/wp\/v2\/product\/428","targetHints":{"allow":["GET"]}}],"collection":[{"href":"https:\/\/123jouer.fr\/index.php\/wp-json\/wp\/v2\/product"}],"about":[{"href":"https:\/\/123jouer.fr\/index.php\/wp-json\/wp\/v2\/types\/product"}],"wp:featuredmedia":[{"embeddable":true,"href":"https:\/\/123jouer.fr\/index.php\/wp-json\/wp\/v2\/media\/1112"}],"wp:attachment":[{"href":"https:\/\/123jouer.fr\/index.php\/wp-json\/wp\/v2\/media?parent=428"}],"wp:term":[{"taxonomy":"product_brand","embeddable":true,"href":"https:\/\/123jouer.fr\/index.php\/wp-json\/wp\/v2\/product_brand?post=428"},{"taxonomy":"product_cat","embeddable":true,"href":"https:\/\/123jouer.fr\/index.php\/wp-json\/wp\/v2\/product_cat?post=428"},{"taxonomy":"product_tag","embeddable":true,"href":"https:\/\/123jouer.fr\/index.php\/wp-json\/wp\/v2\/product_tag?post=428"}],"curies":[{"name":"wp","href":"https:\/\/api.w.org\/{rel}","templated":true}]}}