{"id":442,"date":"2023-05-15T16:03:01","date_gmt":"2023-05-15T14:03:01","guid":{"rendered":"https:\/\/123jouer.fr\/?post_type=product&#038;p=442"},"modified":"2026-01-06T14:09:03","modified_gmt":"2026-01-06T13:09:03","slug":"fou-de-foot","status":"publish","type":"product","link":"https:\/\/123jouer.fr\/index.php\/produit\/fou-de-foot\/","title":{"rendered":"Fou de foot ?"},"content":{"rendered":"<p>Aimez-vous le foot autant que Zlatan ?<br \/>\nEn prouvant votre adresse, vous gagnerez des cartes magiques qui vous guideront vers son c\u00e9l\u00e8bre tr\u00e9sor.<br \/>\nPetit match entre amis et &#8230; que le meilleur gagne ! ! !<\/p>\n<p>&nbsp;<\/p>\n<p>D\u00e9tail :<br \/>\nTemps de pr\u00e9paration : Environ 5 minutes<br \/>\nTemps de jeu : Environ 1 heure 30 minutes<br \/>\nLieu : Ext\u00e9rieur<br \/>\nPublic : Filles et gar\u00e7ons<br \/>\nParticipants : 2 \u00e0 12 joueurs<br \/>\nMat\u00e9riel : Scotch, ciseaux, un ballon, des objets (de quoi faire un slalom)<\/p>\n<p>&nbsp;<\/p>\n<p>Contenu du fichier PDF :<br \/>\n\u2022 2 pages d\u2019explications pour l\u2019organisateur<\/p>\n<p>\u2022 tableau organisateur<\/p>\n<p>\u2022 la lettre de Zlatan<\/p>\n<p>\u2022 les dipl\u00f4mes<\/p>\n<p>\u2022 le deuxi\u00e8me message de Zlatan<\/p>\n<p>\u2022 les cartes magiques<\/p>\n","protected":false},"excerpt":{"rendered":"<p>Aimez-vous le foot autant que Zlatan ? En prouvant votre adresse, vous gagnerez des cartes magiques qui vous guideront vers son c\u00e9l\u00e8bre tr\u00e9sor. Petit match entre amis et &#8230; que le meilleur gagne ! ! ! &nbsp; D\u00e9tail : Temps de pr\u00e9paration : Environ 5 minutes Temps de jeu : Environ 1 heure 30 minutes [&hellip;]<\/p>\n","protected":false},"featured_media":436,"template":"","meta":[],"product_brand":[],"product_cat":[17],"product_tag":[],"class_list":{"0":"post-442","1":"product","2":"type-product","3":"status-publish","4":"has-post-thumbnail","6":"product_cat-chasses-au-tresor-6-a-8-ans","8":"first","9":"instock","10":"downloadable","11":"virtual","12":"purchasable","13":"product-type-simple"},"aioseo_notices":[],"_links":{"self":[{"href":"https:\/\/123jouer.fr\/index.php\/wp-json\/wp\/v2\/product\/442","targetHints":{"allow":["GET"]}}],"collection":[{"href":"https:\/\/123jouer.fr\/index.php\/wp-json\/wp\/v2\/product"}],"about":[{"href":"https:\/\/123jouer.fr\/index.php\/wp-json\/wp\/v2\/types\/product"}],"wp:featuredmedia":[{"embeddable":true,"href":"https:\/\/123jouer.fr\/index.php\/wp-json\/wp\/v2\/media\/436"}],"wp:attachment":[{"href":"https:\/\/123jouer.fr\/index.php\/wp-json\/wp\/v2\/media?parent=442"}],"wp:term":[{"taxonomy":"product_brand","embeddable":true,"href":"https:\/\/123jouer.fr\/index.php\/wp-json\/wp\/v2\/product_brand?post=442"},{"taxonomy":"product_cat","embeddable":true,"href":"https:\/\/123jouer.fr\/index.php\/wp-json\/wp\/v2\/product_cat?post=442"},{"taxonomy":"product_tag","embeddable":true,"href":"https:\/\/123jouer.fr\/index.php\/wp-json\/wp\/v2\/product_tag?post=442"}],"curies":[{"name":"wp","href":"https:\/\/api.w.org\/{rel}","templated":true}]}}