{"id":451,"date":"2023-05-15T16:28:58","date_gmt":"2023-05-15T14:28:58","guid":{"rendered":"https:\/\/123jouer.fr\/?post_type=product&#038;p=451"},"modified":"2026-01-06T14:07:53","modified_gmt":"2026-01-06T13:07:53","slug":"le-royaume-de-villeperdue","status":"publish","type":"product","link":"https:\/\/123jouer.fr\/index.php\/produit\/le-royaume-de-villeperdue\/","title":{"rendered":"Royaume de Villeperdue"},"content":{"rendered":"<p>Le royaume de Villeperdue est en f\u00eate, car la princesse Bella et le prince Carles doivent se marier.<br \/>\nMais le plan \u00e0 joindre aux invitations a disparu. Comment les invit\u00e9s trouveront-ils leur chemin vers ce royaume qui m\u00e9rite si bien son nom ?<br \/>\nBella et Carles vous offriront une partie de leur tr\u00e9sor si vous acceptez de leur venir en aide.<\/p>\n<p>&nbsp;<\/p>\n<p>D\u00e9tail :<br \/>\nTemps de pr\u00e9paration : Environ 15 minutes<br \/>\nTemps de jeu : Environ 1 heure<br \/>\nLieu : Int\u00e9rieur<br \/>\nPublic : Filles et gar\u00e7ons<br \/>\nParticipants : 1 \u00e0 12 joueurs<br \/>\nMat\u00e9riel : P\u00e2te \u00e0 fixe, scotch, ciseaux<\/p>\n<p>&nbsp;<\/p>\n<p>Contenu du fichier PDF :<br \/>\n\u2022 2 pages explicatives pour l\u2019organisateur<\/p>\n<p>\u2022 1 page tableau organisateur + dernier message de Bella et Carles<\/p>\n<p>\u2022 1 page premier message de Bella et Carles<\/p>\n<p>\u2022 3 pages d\u2019indices + les cartes lieux<\/p>\n<p>\u2022 1 page avec le plan<\/p>\n<p>\u2022 1 page tableau organisateur \u00e9preuves pour placer les lieux sur le plan<\/p>\n<p>\u2022 Les dipl\u00f4mes<\/p>\n","protected":false},"excerpt":{"rendered":"<p>Le royaume de Villeperdue est en f\u00eate, car la princesse Bella et le prince Carles doivent se marier. Mais le plan \u00e0 joindre aux invitations a disparu. Comment les invit\u00e9s trouveront-ils leur chemin vers ce royaume qui m\u00e9rite si bien son nom ? Bella et Carles vous offriront une partie de leur tr\u00e9sor si vous [&hellip;]<\/p>\n","protected":false},"featured_media":1107,"template":"","meta":[],"product_brand":[],"product_cat":[17],"product_tag":[],"class_list":{"0":"post-451","1":"product","2":"type-product","3":"status-publish","4":"has-post-thumbnail","6":"product_cat-chasses-au-tresor-6-a-8-ans","8":"first","9":"instock","10":"downloadable","11":"virtual","12":"purchasable","13":"product-type-simple"},"aioseo_notices":[],"_links":{"self":[{"href":"https:\/\/123jouer.fr\/index.php\/wp-json\/wp\/v2\/product\/451","targetHints":{"allow":["GET"]}}],"collection":[{"href":"https:\/\/123jouer.fr\/index.php\/wp-json\/wp\/v2\/product"}],"about":[{"href":"https:\/\/123jouer.fr\/index.php\/wp-json\/wp\/v2\/types\/product"}],"wp:featuredmedia":[{"embeddable":true,"href":"https:\/\/123jouer.fr\/index.php\/wp-json\/wp\/v2\/media\/1107"}],"wp:attachment":[{"href":"https:\/\/123jouer.fr\/index.php\/wp-json\/wp\/v2\/media?parent=451"}],"wp:term":[{"taxonomy":"product_brand","embeddable":true,"href":"https:\/\/123jouer.fr\/index.php\/wp-json\/wp\/v2\/product_brand?post=451"},{"taxonomy":"product_cat","embeddable":true,"href":"https:\/\/123jouer.fr\/index.php\/wp-json\/wp\/v2\/product_cat?post=451"},{"taxonomy":"product_tag","embeddable":true,"href":"https:\/\/123jouer.fr\/index.php\/wp-json\/wp\/v2\/product_tag?post=451"}],"curies":[{"name":"wp","href":"https:\/\/api.w.org\/{rel}","templated":true}]}}