{"id":455,"date":"2023-05-15T16:33:39","date_gmt":"2023-05-15T14:33:39","guid":{"rendered":"https:\/\/123jouer.fr\/?post_type=product&#038;p=455"},"modified":"2026-01-06T13:28:20","modified_gmt":"2026-01-06T12:28:20","slug":"a-labordage","status":"publish","type":"product","link":"https:\/\/123jouer.fr\/index.php\/produit\/a-labordage\/","title":{"rendered":"Jack \u00e0 l&rsquo;abordage"},"content":{"rendered":"<p>Jack le pirate est \u00e0 la recherche du tr\u00e9sor de l\u2019\u00eele aux crocodiles. Voulez-vous faire partie de son \u00e9quipage ?<br \/>\nAffrontez les \u00e9preuves et trouvez les solutions aux \u00e9nigmes qui vous guideront vers les lettres t\u00eate de mort qui indiquent la cachette du super tr\u00e9sor.<br \/>\nMais attention, les crocodiles vous suivent du regard. Tel un pirate, restez sur vos gardes ! ! !<\/p>\n<p>&nbsp;<\/p>\n<p>D\u00e9tail :<br \/>\nTemps de pr\u00e9paration : Environ 15 minutes<br \/>\nTemps de jeu : Environ 1 heure et 30 minutes<br \/>\nLieu : Int\u00e9rieur<br \/>\nPublic : Filles et gar\u00e7ons<br \/>\nParticipants : 1 \u00e0 12 joueurs<br \/>\nMat\u00e9riel : Ciseaux, p\u00e2te \u00e0 fixe, 1 bouteille plastique<\/p>\n<p>&nbsp;<\/p>\n<p>Contenu du fichier PDF :<br \/>\n\u2022 2 pages explicatives pour l\u2019organisateur<\/p>\n<p>\u2022 1 tableau pour l\u2019organisateur<\/p>\n<p>\u2022 La lettre de Jack<\/p>\n<p>\u2022 6 pages d\u2019indices<\/p>\n<p>\u2022 2 dipl\u00f4mes de pirates<\/p>\n","protected":false},"excerpt":{"rendered":"<p>Jack le pirate est \u00e0 la recherche du tr\u00e9sor de l\u2019\u00eele aux crocodiles. Voulez-vous faire partie de son \u00e9quipage ? Affrontez les \u00e9preuves et trouvez les solutions aux \u00e9nigmes qui vous guideront vers les lettres t\u00eate de mort qui indiquent la cachette du super tr\u00e9sor. Mais attention, les crocodiles vous suivent du regard. Tel un [&hellip;]<\/p>\n","protected":false},"featured_media":1086,"template":"","meta":[],"product_brand":[],"product_cat":[17],"product_tag":[],"class_list":{"0":"post-455","1":"product","2":"type-product","3":"status-publish","4":"has-post-thumbnail","6":"product_cat-chasses-au-tresor-6-a-8-ans","8":"first","9":"instock","10":"downloadable","11":"virtual","12":"purchasable","13":"product-type-simple"},"aioseo_notices":[],"_links":{"self":[{"href":"https:\/\/123jouer.fr\/index.php\/wp-json\/wp\/v2\/product\/455","targetHints":{"allow":["GET"]}}],"collection":[{"href":"https:\/\/123jouer.fr\/index.php\/wp-json\/wp\/v2\/product"}],"about":[{"href":"https:\/\/123jouer.fr\/index.php\/wp-json\/wp\/v2\/types\/product"}],"wp:featuredmedia":[{"embeddable":true,"href":"https:\/\/123jouer.fr\/index.php\/wp-json\/wp\/v2\/media\/1086"}],"wp:attachment":[{"href":"https:\/\/123jouer.fr\/index.php\/wp-json\/wp\/v2\/media?parent=455"}],"wp:term":[{"taxonomy":"product_brand","embeddable":true,"href":"https:\/\/123jouer.fr\/index.php\/wp-json\/wp\/v2\/product_brand?post=455"},{"taxonomy":"product_cat","embeddable":true,"href":"https:\/\/123jouer.fr\/index.php\/wp-json\/wp\/v2\/product_cat?post=455"},{"taxonomy":"product_tag","embeddable":true,"href":"https:\/\/123jouer.fr\/index.php\/wp-json\/wp\/v2\/product_tag?post=455"}],"curies":[{"name":"wp","href":"https:\/\/api.w.org\/{rel}","templated":true}]}}