{"id":459,"date":"2023-05-15T16:38:09","date_gmt":"2023-05-15T14:38:09","guid":{"rendered":"https:\/\/123jouer.fr\/?post_type=product&#038;p=459"},"modified":"2026-01-06T13:27:26","modified_gmt":"2026-01-06T12:27:26","slug":"voyage-dans-lespace","status":"publish","type":"product","link":"https:\/\/123jouer.fr\/index.php\/produit\/voyage-dans-lespace\/","title":{"rendered":"Voyage dans l\u2019espace"},"content":{"rendered":"<p>Erreur de pilotage : le petit extra-terrestre\u00a0<strong>Gloup Gloup<\/strong>\u00a0est arriv\u00e9 sur la Terre ! ! !<br \/>\nL\u2019aiderez-vous \u00e0 retrouver son chemin vers sa plan\u00e8te pour m\u00e9riter le fameux tr\u00e9sor de l\u2019espace ?<br \/>\nEn route vers l\u2019aventure, l\u2019espace est \u00e0 vous ! ! !<\/p>\n<p>&nbsp;<\/p>\n<p>D\u00e9tail :<br \/>\nTemps de pr\u00e9paration : Environ 15 minutes<br \/>\nTemps de jeu : Environ 1 heure<br \/>\nLieu : Int\u00e9rieur<br \/>\nPublic : Filles et gar\u00e7ons<br \/>\nParticipants : 1 \u00e0 12 joueurs<br \/>\nMat\u00e9riel : P\u00e2te \u00e0 fixe, scotch, ciseaux, enveloppe<\/p>\n<p>&nbsp;<\/p>\n<p>Contenu du fichier PDF :<br \/>\n\u2022 2 pages d\u2019explications pour l\u2019organisateur<\/p>\n<p>\u2022 1 page tableau organisateur pour mettre en place la chasse au t\u00e9sor<\/p>\n<p>\u2022 Le message de Gloup Gloup<\/p>\n<p>\u2022 4 pages d\u2019indices<\/p>\n<p>\u2022 1 page avec l\u2019alphabet martien et le mot \u00e0 placer pr\u00e8s de l\u2019aspirateur<\/p>\n<p>\u2022 Les dipl\u00f4mes<\/p>\n","protected":false},"excerpt":{"rendered":"<p>Erreur de pilotage : le petit extra-terrestre\u00a0Gloup Gloup\u00a0est arriv\u00e9 sur la Terre ! ! ! L\u2019aiderez-vous \u00e0 retrouver son chemin vers sa plan\u00e8te pour m\u00e9riter le fameux tr\u00e9sor de l\u2019espace ? En route vers l\u2019aventure, l\u2019espace est \u00e0 vous ! ! ! &nbsp; D\u00e9tail : Temps de pr\u00e9paration : Environ 15 minutes Temps de jeu [&hellip;]<\/p>\n","protected":false},"featured_media":1099,"template":"","meta":[],"product_brand":[],"product_cat":[17],"product_tag":[],"class_list":{"0":"post-459","1":"product","2":"type-product","3":"status-publish","4":"has-post-thumbnail","6":"product_cat-chasses-au-tresor-6-a-8-ans","8":"first","9":"instock","10":"downloadable","11":"virtual","12":"purchasable","13":"product-type-simple"},"aioseo_notices":[],"_links":{"self":[{"href":"https:\/\/123jouer.fr\/index.php\/wp-json\/wp\/v2\/product\/459","targetHints":{"allow":["GET"]}}],"collection":[{"href":"https:\/\/123jouer.fr\/index.php\/wp-json\/wp\/v2\/product"}],"about":[{"href":"https:\/\/123jouer.fr\/index.php\/wp-json\/wp\/v2\/types\/product"}],"wp:featuredmedia":[{"embeddable":true,"href":"https:\/\/123jouer.fr\/index.php\/wp-json\/wp\/v2\/media\/1099"}],"wp:attachment":[{"href":"https:\/\/123jouer.fr\/index.php\/wp-json\/wp\/v2\/media?parent=459"}],"wp:term":[{"taxonomy":"product_brand","embeddable":true,"href":"https:\/\/123jouer.fr\/index.php\/wp-json\/wp\/v2\/product_brand?post=459"},{"taxonomy":"product_cat","embeddable":true,"href":"https:\/\/123jouer.fr\/index.php\/wp-json\/wp\/v2\/product_cat?post=459"},{"taxonomy":"product_tag","embeddable":true,"href":"https:\/\/123jouer.fr\/index.php\/wp-json\/wp\/v2\/product_tag?post=459"}],"curies":[{"name":"wp","href":"https:\/\/api.w.org\/{rel}","templated":true}]}}