{"id":474,"date":"2023-05-15T18:14:48","date_gmt":"2023-05-15T16:14:48","guid":{"rendered":"https:\/\/123jouer.fr\/?post_type=product&#038;p=474"},"modified":"2026-01-06T14:21:25","modified_gmt":"2026-01-06T13:21:25","slug":"les-potions-de-grabouille","status":"publish","type":"product","link":"https:\/\/123jouer.fr\/index.php\/produit\/les-potions-de-grabouille\/","title":{"rendered":"Les potions de Grabouille"},"content":{"rendered":"<p>Grabouille est une apprentie sorci\u00e8re qui aime le risque. Et bien \u00e9videmment l\u2019une de ses exp\u00e9riences tourne \u00e0 la catastrophe !<br \/>\nIndices et d\u00e9fis vous feront d\u00e9couvrir les potions et les formules magiques qui remettront les choses en ordre.<br \/>\nMagie ou exp\u00e9riences scientifiques, quelle diff\u00e9rence dans le monde de Grabouille ?<\/p>\n<p>&nbsp;<\/p>\n<p>D\u00e9tail :<br \/>\nTemps de pr\u00e9paration : Environ 15 minutes<br \/>\nTemps de jeu : Environ 2 heures<br \/>\nLieu : Int\u00e9rieur<br \/>\nPublic : Filles et gar\u00e7ons<br \/>\nParticipants : 1 \u00e0 12 joueurs<br \/>\nMat\u00e9riel : Ciseaux, ma\u00efzena, scotch, r\u00e9cipients, assiettes, poivre, cure-dents, produit vaisselle, objets de couleurs (ex: legos)<\/p>\n<p>&nbsp;<\/p>\n<p>Contenu du fichier PDF :<br \/>\n\u2022 Explications pour l\u2019organisateur<\/p>\n<p>\u2022 La lettre de Grabouille<\/p>\n<p>\u2022 Parchemin mission 1<\/p>\n<p>\u2022 Tableau organisateur+ingr\u00e9dients mission 1<\/p>\n<p>\u2022 Parchemin potion+formule mission 1<\/p>\n<p>\u2022 Indices mission 1<br \/>\n\u2022 Tableau organisateur+parchemin mission 2<br \/>\n\u2022 Cartes ingr\u00e9dients mission2+dernier message<br \/>\n\u2022 Parchemin potion+formule mission 2<br \/>\n\u2022 Dipl\u00f4mes + cartes d\u2019invitations<\/p>\n","protected":false},"excerpt":{"rendered":"<p>Grabouille est une apprentie sorci\u00e8re qui aime le risque. Et bien \u00e9videmment l\u2019une de ses exp\u00e9riences tourne \u00e0 la catastrophe ! Indices et d\u00e9fis vous feront d\u00e9couvrir les potions et les formules magiques qui remettront les choses en ordre. Magie ou exp\u00e9riences scientifiques, quelle diff\u00e9rence dans le monde de Grabouille ? &nbsp; D\u00e9tail : Temps [&hellip;]<\/p>\n","protected":false},"featured_media":465,"template":"","meta":[],"product_brand":[],"product_cat":[18],"product_tag":[],"class_list":{"0":"post-474","1":"product","2":"type-product","3":"status-publish","4":"has-post-thumbnail","6":"product_cat-chasses-au-tresor-9-a-12-ans","8":"first","9":"instock","10":"downloadable","11":"virtual","12":"purchasable","13":"product-type-simple"},"aioseo_notices":[],"_links":{"self":[{"href":"https:\/\/123jouer.fr\/index.php\/wp-json\/wp\/v2\/product\/474","targetHints":{"allow":["GET"]}}],"collection":[{"href":"https:\/\/123jouer.fr\/index.php\/wp-json\/wp\/v2\/product"}],"about":[{"href":"https:\/\/123jouer.fr\/index.php\/wp-json\/wp\/v2\/types\/product"}],"wp:featuredmedia":[{"embeddable":true,"href":"https:\/\/123jouer.fr\/index.php\/wp-json\/wp\/v2\/media\/465"}],"wp:attachment":[{"href":"https:\/\/123jouer.fr\/index.php\/wp-json\/wp\/v2\/media?parent=474"}],"wp:term":[{"taxonomy":"product_brand","embeddable":true,"href":"https:\/\/123jouer.fr\/index.php\/wp-json\/wp\/v2\/product_brand?post=474"},{"taxonomy":"product_cat","embeddable":true,"href":"https:\/\/123jouer.fr\/index.php\/wp-json\/wp\/v2\/product_cat?post=474"},{"taxonomy":"product_tag","embeddable":true,"href":"https:\/\/123jouer.fr\/index.php\/wp-json\/wp\/v2\/product_tag?post=474"}],"curies":[{"name":"wp","href":"https:\/\/api.w.org\/{rel}","templated":true}]}}