{"id":478,"date":"2023-05-15T18:23:52","date_gmt":"2023-05-15T16:23:52","guid":{"rendered":"https:\/\/123jouer.fr\/?post_type=product&#038;p=478"},"modified":"2026-01-06T14:20:13","modified_gmt":"2026-01-06T13:20:13","slug":"le-mystere-danakin","status":"publish","type":"product","link":"https:\/\/123jouer.fr\/index.php\/produit\/le-mystere-danakin\/","title":{"rendered":"Le myst\u00e8re d\u2019Anakin"},"content":{"rendered":"<p>Anakin est un jeune guerrier du futur. Il doit bient\u00f4t \u00e9pouser la princesse Le\u00efla et, pour que la f\u00eate soit grandiose, il a pr\u00e9vu de d\u00e9penser une partie de son tr\u00e9sor.<br \/>\nMais la force obscure vient de frapper, princesse Le\u00efla et le tr\u00e9sor sont introuvables.<br \/>\nDevenez les h\u00e9ros de cette chasse au tr\u00e9sor et affrontez sans peur le c\u00f4t\u00e9 obscur de la force.<\/p>\n<p>&nbsp;<\/p>\n<p>D\u00e9tail :<br \/>\nTemps de pr\u00e9paration : Environ 10 minutes<br \/>\nTemps de jeu : Environ 1 heure et 30 minutes<br \/>\nLieu : Ext\u00e9rieur<br \/>\nPublic : Filles et gar\u00e7ons<br \/>\nParticipants : 1 \u00e0 12 joueurs<br \/>\nMat\u00e9riel : Une paire de ciseaux, des pailles, des feuilles, un livre, de la ficelle et quelques plumes<\/p>\n<p>&nbsp;<\/p>\n<p>Contenu du fichier PDF :<br \/>\n\u2022 2 pages d\u2019explications pour l\u2019organisateur<\/p>\n<p>\u2022 1 page avec la lettre d\u2019Anakin<\/p>\n<p>\u2022 1 page avec la feuille de route des \u00e9preuves<\/p>\n<p>\u2022 1 page avec les codes \u00e0 cacher<\/p>\n<p>\u2022 1 page avec les cartes \u00e0 donner \u00e0 la fin des \u00e9preuves + solution<\/p>\n<p>\u2022 1 page avec le tableau organisateur chasse au tr\u00e9sor + message d\u2019Anakin<\/p>\n<p>\u2022 1 page avec les indices \u00e0 cacher<\/p>\n<p>\u2022 Les dipl\u00f4mes<\/p>\n","protected":false},"excerpt":{"rendered":"<p>Anakin est un jeune guerrier du futur. Il doit bient\u00f4t \u00e9pouser la princesse Le\u00efla et, pour que la f\u00eate soit grandiose, il a pr\u00e9vu de d\u00e9penser une partie de son tr\u00e9sor. Mais la force obscure vient de frapper, princesse Le\u00efla et le tr\u00e9sor sont introuvables. Devenez les h\u00e9ros de cette chasse au tr\u00e9sor et affrontez [&hellip;]<\/p>\n","protected":false},"featured_media":1113,"template":"","meta":[],"product_brand":[],"product_cat":[18],"product_tag":[],"class_list":{"0":"post-478","1":"product","2":"type-product","3":"status-publish","4":"has-post-thumbnail","6":"product_cat-chasses-au-tresor-9-a-12-ans","8":"first","9":"instock","10":"downloadable","11":"virtual","12":"purchasable","13":"product-type-simple"},"aioseo_notices":[],"_links":{"self":[{"href":"https:\/\/123jouer.fr\/index.php\/wp-json\/wp\/v2\/product\/478","targetHints":{"allow":["GET"]}}],"collection":[{"href":"https:\/\/123jouer.fr\/index.php\/wp-json\/wp\/v2\/product"}],"about":[{"href":"https:\/\/123jouer.fr\/index.php\/wp-json\/wp\/v2\/types\/product"}],"wp:featuredmedia":[{"embeddable":true,"href":"https:\/\/123jouer.fr\/index.php\/wp-json\/wp\/v2\/media\/1113"}],"wp:attachment":[{"href":"https:\/\/123jouer.fr\/index.php\/wp-json\/wp\/v2\/media?parent=478"}],"wp:term":[{"taxonomy":"product_brand","embeddable":true,"href":"https:\/\/123jouer.fr\/index.php\/wp-json\/wp\/v2\/product_brand?post=478"},{"taxonomy":"product_cat","embeddable":true,"href":"https:\/\/123jouer.fr\/index.php\/wp-json\/wp\/v2\/product_cat?post=478"},{"taxonomy":"product_tag","embeddable":true,"href":"https:\/\/123jouer.fr\/index.php\/wp-json\/wp\/v2\/product_tag?post=478"}],"curies":[{"name":"wp","href":"https:\/\/api.w.org\/{rel}","templated":true}]}}