{"id":480,"date":"2023-05-15T18:26:00","date_gmt":"2023-05-15T16:26:00","guid":{"rendered":"https:\/\/123jouer.fr\/?post_type=product&#038;p=480"},"modified":"2026-01-06T14:19:46","modified_gmt":"2026-01-06T13:19:46","slug":"photos-en-folie","status":"publish","type":"product","link":"https:\/\/123jouer.fr\/index.php\/produit\/photos-en-folie\/","title":{"rendered":"Photos en folie"},"content":{"rendered":"<p>La photographe aventuri\u00e8re Fotofofolle doit participer au concours mondial de photo pour gagner le tr\u00e9sor Mondialus.<br \/>\nMais Fotofofolle est d\u00e9sesp\u00e9r\u00e9e, on lui a vol\u00e9 tous ses clich\u00e9s.<br \/>\nUne chasse au tr\u00e9sor sous forme de rallye photo, avec parties de rigolade et super souvenirs au programme.<br \/>\nAimez-vous vraiment la photo ?<\/p>\n<p>&nbsp;<\/p>\n<p>D\u00e9tail :<br \/>\nTemps de pr\u00e9paration : Environ 5 minutes<br \/>\nTemps de jeu : Environ Comme vous le souhaitez<br \/>\nLieu : Ext\u00e9rieur<br \/>\nPublic : Filles et gar\u00e7ons<br \/>\nParticipants : 2 \u00e0 20 joueurs<br \/>\nMat\u00e9riel : Ciseaux, un appareil photo par \u00e9quipe<\/p>\n<p>&nbsp;<\/p>\n<p>Contenu du fichier PDF :<br \/>\n\u2022 2 pages d\u2019explications pour l\u2019organisateur<\/p>\n<p>\u2022 1 page avec la lettre de Fotofollofolle<\/p>\n<p>\u2022 1 page avec la feuille de route<\/p>\n<p>\u2022 1 page d\u2019indices selon le nombre de points<\/p>\n<p>&nbsp;<\/p>\n","protected":false},"excerpt":{"rendered":"<p>La photographe aventuri\u00e8re Fotofofolle doit participer au concours mondial de photo pour gagner le tr\u00e9sor Mondialus. Mais Fotofofolle est d\u00e9sesp\u00e9r\u00e9e, on lui a vol\u00e9 tous ses clich\u00e9s. Une chasse au tr\u00e9sor sous forme de rallye photo, avec parties de rigolade et super souvenirs au programme. Aimez-vous vraiment la photo ? &nbsp; D\u00e9tail : Temps de [&hellip;]<\/p>\n","protected":false},"featured_media":1122,"template":"","meta":[],"product_brand":[],"product_cat":[18],"product_tag":[],"class_list":{"0":"post-480","1":"product","2":"type-product","3":"status-publish","4":"has-post-thumbnail","6":"product_cat-chasses-au-tresor-9-a-12-ans","8":"first","9":"instock","10":"downloadable","11":"virtual","12":"purchasable","13":"product-type-simple"},"aioseo_notices":[],"_links":{"self":[{"href":"https:\/\/123jouer.fr\/index.php\/wp-json\/wp\/v2\/product\/480","targetHints":{"allow":["GET"]}}],"collection":[{"href":"https:\/\/123jouer.fr\/index.php\/wp-json\/wp\/v2\/product"}],"about":[{"href":"https:\/\/123jouer.fr\/index.php\/wp-json\/wp\/v2\/types\/product"}],"wp:featuredmedia":[{"embeddable":true,"href":"https:\/\/123jouer.fr\/index.php\/wp-json\/wp\/v2\/media\/1122"}],"wp:attachment":[{"href":"https:\/\/123jouer.fr\/index.php\/wp-json\/wp\/v2\/media?parent=480"}],"wp:term":[{"taxonomy":"product_brand","embeddable":true,"href":"https:\/\/123jouer.fr\/index.php\/wp-json\/wp\/v2\/product_brand?post=480"},{"taxonomy":"product_cat","embeddable":true,"href":"https:\/\/123jouer.fr\/index.php\/wp-json\/wp\/v2\/product_cat?post=480"},{"taxonomy":"product_tag","embeddable":true,"href":"https:\/\/123jouer.fr\/index.php\/wp-json\/wp\/v2\/product_tag?post=480"}],"curies":[{"name":"wp","href":"https:\/\/api.w.org\/{rel}","templated":true}]}}