{"id":482,"date":"2023-05-15T18:28:05","date_gmt":"2023-05-15T16:28:05","guid":{"rendered":"https:\/\/123jouer.fr\/?post_type=product&#038;p=482"},"modified":"2026-01-06T14:19:23","modified_gmt":"2026-01-06T13:19:23","slug":"lesprit-des-glaciers","status":"publish","type":"product","link":"https:\/\/123jouer.fr\/index.php\/produit\/lesprit-des-glaciers\/","title":{"rendered":"L\u2019esprit des glaciers"},"content":{"rendered":"<p>La f\u00e9e Morgane est la gardienne du tr\u00e9sor des glaciers.<br \/>\nElle vient de disparaitre. Elle doit avoir \u00e9t\u00e9 enlev\u00e9e par Solarius le ma\u00eetre solaire qui veut faire fondre le glacier pour trouver le tr\u00e9sor.<br \/>\nSerez-vous assez courageux pour faire partie de l\u2019\u00e9quipe qui sauvera Morgane des griffes de Solarius et retrouvera le tr\u00e9sor tant convoit\u00e9 ?<\/p>\n<p>&nbsp;<\/p>\n<p>D\u00e9tail :<br \/>\nTemps de pr\u00e9paration : Environ 15 minutes<br \/>\nTemps de jeu : Environ 1 heure<br \/>\nLieu : Int\u00e9rieur<br \/>\nPublic : Filles et gar\u00e7ons<br \/>\nParticipants : 1 \u00e0 12 joueurs<br \/>\nMat\u00e9riel : P\u00e2te \u00e0 fixe, scotch, ciseaux, crayons de papier, une pince \u00e0 linge par enfant, un ballon de baudruche<\/p>\n<p>&nbsp;<\/p>\n<p>Contenu du fichier PDF :<br \/>\n\u2022 2 pages explicatives pour l\u2019organisateur<\/p>\n<p>\u2022 1 page avec la premi\u00e8re lettre de Morgane et le deuxi\u00e8me message<\/p>\n<p>\u2022 1 page avec la carte et les symboles<\/p>\n<p>\u2022 1 page avec la feuille de route<\/p>\n<p>\u2022 1 page avec le tableau organisateur<\/p>\n<p>\u2022 2 pages indices<\/p>\n<p>&nbsp;<\/p>\n","protected":false},"excerpt":{"rendered":"<p>La f\u00e9e Morgane est la gardienne du tr\u00e9sor des glaciers. Elle vient de disparaitre. Elle doit avoir \u00e9t\u00e9 enlev\u00e9e par Solarius le ma\u00eetre solaire qui veut faire fondre le glacier pour trouver le tr\u00e9sor. Serez-vous assez courageux pour faire partie de l\u2019\u00e9quipe qui sauvera Morgane des griffes de Solarius et retrouvera le tr\u00e9sor tant convoit\u00e9 [&hellip;]<\/p>\n","protected":false},"featured_media":469,"template":"","meta":[],"product_brand":[],"product_cat":[18],"product_tag":[],"class_list":{"0":"post-482","1":"product","2":"type-product","3":"status-publish","4":"has-post-thumbnail","6":"product_cat-chasses-au-tresor-9-a-12-ans","8":"first","9":"instock","10":"downloadable","11":"virtual","12":"purchasable","13":"product-type-simple"},"aioseo_notices":[],"_links":{"self":[{"href":"https:\/\/123jouer.fr\/index.php\/wp-json\/wp\/v2\/product\/482","targetHints":{"allow":["GET"]}}],"collection":[{"href":"https:\/\/123jouer.fr\/index.php\/wp-json\/wp\/v2\/product"}],"about":[{"href":"https:\/\/123jouer.fr\/index.php\/wp-json\/wp\/v2\/types\/product"}],"wp:featuredmedia":[{"embeddable":true,"href":"https:\/\/123jouer.fr\/index.php\/wp-json\/wp\/v2\/media\/469"}],"wp:attachment":[{"href":"https:\/\/123jouer.fr\/index.php\/wp-json\/wp\/v2\/media?parent=482"}],"wp:term":[{"taxonomy":"product_brand","embeddable":true,"href":"https:\/\/123jouer.fr\/index.php\/wp-json\/wp\/v2\/product_brand?post=482"},{"taxonomy":"product_cat","embeddable":true,"href":"https:\/\/123jouer.fr\/index.php\/wp-json\/wp\/v2\/product_cat?post=482"},{"taxonomy":"product_tag","embeddable":true,"href":"https:\/\/123jouer.fr\/index.php\/wp-json\/wp\/v2\/product_tag?post=482"}],"curies":[{"name":"wp","href":"https:\/\/api.w.org\/{rel}","templated":true}]}}