{"id":490,"date":"2023-05-15T18:37:19","date_gmt":"2023-05-15T16:37:19","guid":{"rendered":"https:\/\/123jouer.fr\/?post_type=product&#038;p=490"},"modified":"2026-01-06T14:16:35","modified_gmt":"2026-01-06T13:16:35","slug":"le-tresor-oublie","status":"publish","type":"product","link":"https:\/\/123jouer.fr\/index.php\/produit\/le-tresor-oublie\/","title":{"rendered":"Le tr\u00e9sor oubli\u00e9"},"content":{"rendered":"<p>Oubli\u00e9 pendant des si\u00e8cles, un petit papier vient de refaire surface ! ! !<br \/>\nIl serait la cl\u00e9 d\u2019un myst\u00e9rieux tr\u00e9sor. C\u2019est \u00e0 vous d\u2019\u00e9lucider ce myst\u00e8re : tr\u00e9sor ou pas ?<br \/>\nUne chasse au tr\u00e9sor remplie de suspens !<\/p>\n<p>&nbsp;<\/p>\n<p>D\u00e9tail :<br \/>\nTemps de pr\u00e9paration : Environ 15 minutes<br \/>\nTemps de jeu : Environ 1 heure<br \/>\nLieu : Int\u00e9rieur<br \/>\nPublic : Filles et gar\u00e7ons<br \/>\nParticipants : 1 \u00e0 12 joueurs<br \/>\nMat\u00e9riel : P\u00e2te \u00e0 fixe, scotch, ciseaux, enveloppe<\/p>\n<p>&nbsp;<\/p>\n<p>Contenu du fichier PDF :<br \/>\n\u2022 2 pages d\u2019explications pour l\u2019organisateur<\/p>\n<p>\u2022 1 page tableau organisateur pour mettre en place la chasse au t\u00e9sor<\/p>\n<p>\u2022 Le message anonyme<\/p>\n<p>\u2022 4 pages d\u2019indices<\/p>\n<p>\u2022 1 page avec une grille de chiffres pour trouver la cachette du tr\u00e9sor<\/p>\n<p>\u2022 Les dipl\u00f4mes<\/p>\n","protected":false},"excerpt":{"rendered":"<p>Oubli\u00e9 pendant des si\u00e8cles, un petit papier vient de refaire surface ! ! ! Il serait la cl\u00e9 d\u2019un myst\u00e9rieux tr\u00e9sor. C\u2019est \u00e0 vous d\u2019\u00e9lucider ce myst\u00e8re : tr\u00e9sor ou pas ? Une chasse au tr\u00e9sor remplie de suspens ! &nbsp; D\u00e9tail : Temps de pr\u00e9paration : Environ 15 minutes Temps de jeu : Environ [&hellip;]<\/p>\n","protected":false},"featured_media":1123,"template":"","meta":[],"product_brand":[],"product_cat":[18],"product_tag":[],"class_list":{"0":"post-490","1":"product","2":"type-product","3":"status-publish","4":"has-post-thumbnail","6":"product_cat-chasses-au-tresor-9-a-12-ans","8":"first","9":"instock","10":"downloadable","11":"virtual","12":"purchasable","13":"product-type-simple"},"aioseo_notices":[],"_links":{"self":[{"href":"https:\/\/123jouer.fr\/index.php\/wp-json\/wp\/v2\/product\/490","targetHints":{"allow":["GET"]}}],"collection":[{"href":"https:\/\/123jouer.fr\/index.php\/wp-json\/wp\/v2\/product"}],"about":[{"href":"https:\/\/123jouer.fr\/index.php\/wp-json\/wp\/v2\/types\/product"}],"wp:featuredmedia":[{"embeddable":true,"href":"https:\/\/123jouer.fr\/index.php\/wp-json\/wp\/v2\/media\/1123"}],"wp:attachment":[{"href":"https:\/\/123jouer.fr\/index.php\/wp-json\/wp\/v2\/media?parent=490"}],"wp:term":[{"taxonomy":"product_brand","embeddable":true,"href":"https:\/\/123jouer.fr\/index.php\/wp-json\/wp\/v2\/product_brand?post=490"},{"taxonomy":"product_cat","embeddable":true,"href":"https:\/\/123jouer.fr\/index.php\/wp-json\/wp\/v2\/product_cat?post=490"},{"taxonomy":"product_tag","embeddable":true,"href":"https:\/\/123jouer.fr\/index.php\/wp-json\/wp\/v2\/product_tag?post=490"}],"curies":[{"name":"wp","href":"https:\/\/api.w.org\/{rel}","templated":true}]}}