{"id":519,"date":"2023-05-16T11:55:40","date_gmt":"2023-05-16T09:55:40","guid":{"rendered":"https:\/\/123jouer.fr\/?post_type=product&#038;p=519"},"modified":"2023-09-19T17:47:03","modified_gmt":"2023-09-19T15:47:03","slug":"defi-ouf-ouf","status":"publish","type":"product","link":"https:\/\/123jouer.fr\/index.php\/produit\/defi-ouf-ouf\/","title":{"rendered":"D\u00e9fis ouf ouf"},"content":{"rendered":"<p>Un temps maussade, un anniversaire ou simplement une envie de s\u2019\u00e9clater entre copains ou en famille !<br \/>\nEt si on se lan\u00e7ait des d\u00e9fis de ouf ouf ?<br \/>\nUn jeu de d\u00e9fis original et\u2026 d\u00e9jant\u00e9 !<\/p>\n<p>(Mais seulement \u00e0 partir de 9 ans)<\/p>\n<p>&nbsp;<\/p>\n<p>D\u00e9tail :<br \/>\nTemps de pr\u00e9paration : 10 minutes<br \/>\nTemps de jeu : 1 heure<br \/>\nLieu : Int\u00e9rieur ou ext\u00e9rieur<br \/>\nParticipants : Entre 4 et 8 joueurs, mixte<br \/>\nMat\u00e9riel : Ciseaux, une pi\u00e8ce de monnaie, un gobelet, un pion diff\u00e9rent pour chaque joueur, 2 stylos, plusieurs feuilles de papier.<\/p>\n<p>&nbsp;<\/p>\n<p>Contenu du fichier PDF :<br \/>\n\u2022 2 pages d\u2019explications pour l\u2019organisateur<\/p>\n<p>\u2022 4 pages de d\u00e9fis<\/p>\n<p>\u2022 4 pages pour constituer le plateau de jeu<\/p>\n<p>&nbsp;<\/p>\n<p>&nbsp;<\/p>\n<table border=\"0\" width=\"660\" cellspacing=\"0\" cellpadding=\"0\">\n<tbody>\n<tr>\n<td width=\"400\"><\/td>\n<td width=\"20\"><\/td>\n<td width=\"260\"><\/td>\n<\/tr>\n<\/tbody>\n<\/table>\n","protected":false},"excerpt":{"rendered":"<p>Un temps maussade, un anniversaire ou simplement une envie de s\u2019\u00e9clater entre copains ou en famille ! Et si on se lan\u00e7ait des d\u00e9fis de ouf ouf ? Un jeu de d\u00e9fis original et\u2026 d\u00e9jant\u00e9 ! (Mais seulement \u00e0 partir de 9 ans) &nbsp; D\u00e9tail : Temps de pr\u00e9paration : 10 minutes Temps de jeu [&hellip;]<\/p>\n","protected":false},"featured_media":697,"template":"","meta":[],"product_brand":[],"product_cat":[20],"product_tag":[],"class_list":{"0":"post-519","1":"product","2":"type-product","3":"status-publish","4":"has-post-thumbnail","6":"product_cat-grands-jeux","8":"first","9":"instock","10":"downloadable","11":"virtual","12":"purchasable","13":"product-type-simple"},"aioseo_notices":[],"_links":{"self":[{"href":"https:\/\/123jouer.fr\/index.php\/wp-json\/wp\/v2\/product\/519","targetHints":{"allow":["GET"]}}],"collection":[{"href":"https:\/\/123jouer.fr\/index.php\/wp-json\/wp\/v2\/product"}],"about":[{"href":"https:\/\/123jouer.fr\/index.php\/wp-json\/wp\/v2\/types\/product"}],"wp:featuredmedia":[{"embeddable":true,"href":"https:\/\/123jouer.fr\/index.php\/wp-json\/wp\/v2\/media\/697"}],"wp:attachment":[{"href":"https:\/\/123jouer.fr\/index.php\/wp-json\/wp\/v2\/media?parent=519"}],"wp:term":[{"taxonomy":"product_brand","embeddable":true,"href":"https:\/\/123jouer.fr\/index.php\/wp-json\/wp\/v2\/product_brand?post=519"},{"taxonomy":"product_cat","embeddable":true,"href":"https:\/\/123jouer.fr\/index.php\/wp-json\/wp\/v2\/product_cat?post=519"},{"taxonomy":"product_tag","embeddable":true,"href":"https:\/\/123jouer.fr\/index.php\/wp-json\/wp\/v2\/product_tag?post=519"}],"curies":[{"name":"wp","href":"https:\/\/api.w.org\/{rel}","templated":true}]}}