{"id":524,"date":"2023-05-16T12:05:41","date_gmt":"2023-05-16T10:05:41","guid":{"rendered":"https:\/\/123jouer.fr\/?post_type=product&#038;p=524"},"modified":"2023-09-19T17:44:50","modified_gmt":"2023-09-19T15:44:50","slug":"defi-ouf","status":"publish","type":"product","link":"https:\/\/123jouer.fr\/index.php\/produit\/defi-ouf\/","title":{"rendered":"Des d\u00e9fis de ouf"},"content":{"rendered":"<p>Rien de tel qu\u2019un jeu de d\u00e9fis pour passer un bon moment entre copains ou en famille !<br \/>\nEt si on osait des d\u00e9fis de ouf ?<br \/>\nUne bonne partie de rigolade en perspective !<\/p>\n<p>(Mais seulement \u00e0 partir de 6 ans)<\/p>\n<p>&nbsp;<\/p>\n<p>D\u00e9tail :<br \/>\nTemps de pr\u00e9paration : 10 minutes<br \/>\nTemps de jeu : 1 heure<br \/>\nLieu : Int\u00e9rieur ou ext\u00e9rieur<br \/>\nParticipants : Entre 4 et 8 joueurs, mixte<br \/>\nMat\u00e9riel : Une pi\u00e8ce de monnaie, un gobelet, un pion diff\u00e9rent pour chaque joueur, 2 stylos, 2 fils de laine d\u2019environ 50 cm chacun, plusieurs feuilles de papier, de la musique.<\/p>\n<p>&nbsp;<\/p>\n<p>Contenu du fichier PDF :<br \/>\n\u2022 2 pages d\u2019explications pour l\u2019organisateur<\/p>\n<p>\u2022 4 pages de d\u00e9fis<\/p>\n<p>\u2022 4 pages pour constituer le plateau de jeu<\/p>\n<p>&nbsp;<\/p>\n<p>&nbsp;<\/p>\n<table border=\"0\" width=\"660\" cellspacing=\"0\" cellpadding=\"0\">\n<tbody>\n<tr>\n<td width=\"400\"><\/td>\n<td width=\"20\"><\/td>\n<td width=\"260\"><\/td>\n<\/tr>\n<\/tbody>\n<\/table>\n","protected":false},"excerpt":{"rendered":"<p>Rien de tel qu\u2019un jeu de d\u00e9fis pour passer un bon moment entre copains ou en famille ! Et si on osait des d\u00e9fis de ouf ? Une bonne partie de rigolade en perspective ! (Mais seulement \u00e0 partir de 6 ans) &nbsp; D\u00e9tail : Temps de pr\u00e9paration : 10 minutes Temps de jeu : [&hellip;]<\/p>\n","protected":false},"featured_media":696,"template":"","meta":[],"product_brand":[],"product_cat":[20],"product_tag":[],"class_list":{"0":"post-524","1":"product","2":"type-product","3":"status-publish","4":"has-post-thumbnail","6":"product_cat-grands-jeux","8":"first","9":"instock","10":"downloadable","11":"virtual","12":"purchasable","13":"product-type-simple"},"aioseo_notices":[],"_links":{"self":[{"href":"https:\/\/123jouer.fr\/index.php\/wp-json\/wp\/v2\/product\/524","targetHints":{"allow":["GET"]}}],"collection":[{"href":"https:\/\/123jouer.fr\/index.php\/wp-json\/wp\/v2\/product"}],"about":[{"href":"https:\/\/123jouer.fr\/index.php\/wp-json\/wp\/v2\/types\/product"}],"wp:featuredmedia":[{"embeddable":true,"href":"https:\/\/123jouer.fr\/index.php\/wp-json\/wp\/v2\/media\/696"}],"wp:attachment":[{"href":"https:\/\/123jouer.fr\/index.php\/wp-json\/wp\/v2\/media?parent=524"}],"wp:term":[{"taxonomy":"product_brand","embeddable":true,"href":"https:\/\/123jouer.fr\/index.php\/wp-json\/wp\/v2\/product_brand?post=524"},{"taxonomy":"product_cat","embeddable":true,"href":"https:\/\/123jouer.fr\/index.php\/wp-json\/wp\/v2\/product_cat?post=524"},{"taxonomy":"product_tag","embeddable":true,"href":"https:\/\/123jouer.fr\/index.php\/wp-json\/wp\/v2\/product_tag?post=524"}],"curies":[{"name":"wp","href":"https:\/\/api.w.org\/{rel}","templated":true}]}}