{"id":526,"date":"2023-05-16T12:07:44","date_gmt":"2023-05-16T10:07:44","guid":{"rendered":"https:\/\/123jouer.fr\/?post_type=product&#038;p=526"},"modified":"2026-01-06T14:26:24","modified_gmt":"2026-01-06T13:26:24","slug":"le-tresor-de-dracula","status":"publish","type":"product","link":"https:\/\/123jouer.fr\/index.php\/produit\/le-tresor-de-dracula\/","title":{"rendered":"Le tr\u00e9sor de Dracula"},"content":{"rendered":"<p>La c\u00e9l\u00e9brit\u00e9 de Dracula le vampire fait \u00e9videmment des jaloux et son ennemi jur\u00e9 lui a vol\u00e9 son tr\u00e9sor !<br \/>\nComment trouver le temps de le rechercher alors qu\u2019il est si occup\u00e9 \u00e0 se procurer sa boisson favorite ?<br \/>\nAllons, un ami vampire \u00e7a peut toujours servir !<br \/>\nAlors relevez les d\u00e9fis, trouvez le tr\u00e9sor pour lui et, si vous l\u2019osez &#8230; gardez-le pour vous !<\/p>\n<p>&nbsp;<\/p>\n<p>D\u00e9tail :<br \/>\nTemps de pr\u00e9paration : 10 minutes<br \/>\nTemps de jeu : 1 heure et 30 minutes<br \/>\nLieu : Int\u00e9rieur ou ext\u00e9rieur<br \/>\nParticipants : Entre 6 et 15 joueurs, mixte<br \/>\nMat\u00e9riel : Bonbons, chamallows, macaronis, liquide vaisselle, ballons de baudruche, une orange, un torchon et plein de petits objets divers<\/p>\n<p>&nbsp;<\/p>\n<p>Contenu du fichier PDF :<br \/>\n\u2022 Des \u00e9preuves dr\u00f4les<\/p>\n<p>\u2022 Des invitations<\/p>\n<p>\u2022 Des dipl\u00f4mes<\/p>\n<p>&nbsp;<\/p>\n<p>&nbsp;<\/p>\n<table border=\"0\" width=\"660\" cellspacing=\"0\" cellpadding=\"0\">\n<tbody>\n<tr>\n<td width=\"400\"><\/td>\n<td width=\"20\"><\/td>\n<td width=\"260\"><\/td>\n<\/tr>\n<\/tbody>\n<\/table>\n","protected":false},"excerpt":{"rendered":"<p>La c\u00e9l\u00e9brit\u00e9 de Dracula le vampire fait \u00e9videmment des jaloux et son ennemi jur\u00e9 lui a vol\u00e9 son tr\u00e9sor ! Comment trouver le temps de le rechercher alors qu\u2019il est si occup\u00e9 \u00e0 se procurer sa boisson favorite ? Allons, un ami vampire \u00e7a peut toujours servir ! Alors relevez les d\u00e9fis, trouvez le tr\u00e9sor [&hellip;]<\/p>\n","protected":false},"featured_media":1127,"template":"","meta":[],"product_brand":[],"product_cat":[20],"product_tag":[],"class_list":{"0":"post-526","1":"product","2":"type-product","3":"status-publish","4":"has-post-thumbnail","6":"product_cat-grands-jeux","8":"first","9":"instock","10":"downloadable","11":"virtual","12":"purchasable","13":"product-type-simple"},"aioseo_notices":[],"_links":{"self":[{"href":"https:\/\/123jouer.fr\/index.php\/wp-json\/wp\/v2\/product\/526","targetHints":{"allow":["GET"]}}],"collection":[{"href":"https:\/\/123jouer.fr\/index.php\/wp-json\/wp\/v2\/product"}],"about":[{"href":"https:\/\/123jouer.fr\/index.php\/wp-json\/wp\/v2\/types\/product"}],"wp:featuredmedia":[{"embeddable":true,"href":"https:\/\/123jouer.fr\/index.php\/wp-json\/wp\/v2\/media\/1127"}],"wp:attachment":[{"href":"https:\/\/123jouer.fr\/index.php\/wp-json\/wp\/v2\/media?parent=526"}],"wp:term":[{"taxonomy":"product_brand","embeddable":true,"href":"https:\/\/123jouer.fr\/index.php\/wp-json\/wp\/v2\/product_brand?post=526"},{"taxonomy":"product_cat","embeddable":true,"href":"https:\/\/123jouer.fr\/index.php\/wp-json\/wp\/v2\/product_cat?post=526"},{"taxonomy":"product_tag","embeddable":true,"href":"https:\/\/123jouer.fr\/index.php\/wp-json\/wp\/v2\/product_tag?post=526"}],"curies":[{"name":"wp","href":"https:\/\/api.w.org\/{rel}","templated":true}]}}